{"id":38794,"date":"2018-03-23T08:39:44","date_gmt":"2018-03-23T08:39:44","guid":{"rendered":"https:\/\/www.apartmentsinljubljana.com\/si\/about-ljubljana-apartments.html"},"modified":"2024-02-06T13:25:46","modified_gmt":"2024-02-06T13:25:46","slug":"o-fine-ljubljana-apartments","status":"publish","type":"page","link":"https:\/\/www.apartmentsinljubljana.com\/si\/o-fine-ljubljana-apartments","title":{"rendered":"O FLA"},"content":{"rendered":"<div class=\"wpb-content-wrapper\"><p>[vc_row][vc_column][vc_widget_sidebar sidebar_id=&#8221;sidebar-left&#8221; el_class=&#8221;slider-below-menu&#8221;][\/vc_column][\/vc_row][vc_row][vc_column][dfd_spacer screen_wide_spacer_size=&#8221;50&#8243; screen_normal_resolution=&#8221;1024&#8243; screen_tablet_resolution=&#8221;800&#8243; screen_mobile_resolution=&#8221;480&#8243;][dfd_heading subtitle=&#8221;&#8221; enable_delimiter=&#8221;&#8221; undefined=&#8221;&#8221; title_font_options=&#8221;tag:h1&#8243; subtitle_font_options=&#8221;tag:div&#8221;]LJUBLJANA APARTMENTS \u0096 ABOUT US[\/dfd_heading][dfd_spacer screen_wide_spacer_size=&#8221;50&#8243; screen_normal_resolution=&#8221;1024&#8243; screen_tablet_resolution=&#8221;800&#8243; screen_mobile_resolution=&#8221;480&#8243;][vc_row_inner][vc_column_inner width=&#8221;3\/4&#8243;][dfd_heading subtitle=&#8221;&#8221; content_alignment=&#8221;text-left&#8221; enable_delimiter=&#8221;&#8221; undefined=&#8221;&#8221; title_font_options=&#8221;tag:h4&#8243; subtitle_font_options=&#8221;tag:div&#8221;]<\/p>\n<h2>Zakaj bi morali razmisliti o na\u0161ih ljubljanskih apartmajih<\/h2>\n<p>[\/dfd_heading][dfd_spacer screen_wide_spacer_size=&#8221;20&#8243; screen_normal_resolution=&#8221;1024&#8243; screen_tablet_resolution=&#8221;800&#8243; screen_mobile_resolution=&#8221;480&#8243;][vc_column_text]Ko pridete v na\u0161e o\u010darljivo mesto Ljubljana, vam ni treba ostati v enem od obi\u010dajnih hotelov, ki jih lahko najdete skoraj v vsakem mestu na svetu. Namesto tega vas vabim, da do\u017eivite pravo \u010darovnijo na\u0161ega mesta z najemom enega od na\u0161ih apartmajev, ki smo jih zasnovali prav za vas.[\/vc_column_text][dfd_spacer screen_wide_spacer_size=&#8221;20&#8243; screen_normal_resolution=&#8221;1024&#8243; screen_tablet_resolution=&#8221;800&#8243; screen_mobile_resolution=&#8221;480&#8243;][dfd_heading subtitle=&#8221;&#8221; content_alignment=&#8221;text-left&#8221; enable_delimiter=&#8221;&#8221; undefined=&#8221;&#8221; title_font_options=&#8221;tag:h4&#8243; subtitle_font_options=&#8221;tag:div&#8221;]Kdo smo[\/dfd_heading][dfd_spacer screen_wide_spacer_size=&#8221;20&#8243; screen_normal_resolution=&#8221;1024&#8243; screen_tablet_resolution=&#8221;800&#8243; screen_mobile_resolution=&#8221;480&#8243;][vc_column_text]Moje ime je Alenka in sem vodja arhitekturnega studia, ki ima sede\u017e tukaj v Ljubljani. Sem strastna oblikovalka stavb, ki svoj dom imenujem Ljubljana. Ker moja dru\u017eina in jaz \u017eivimo v sredi\u0161\u010du mesta in poznamo, kaj so prave zna\u010dilnosti pravega srca Ljubljane, lahko na\u0161a ekipa oblikuje stavbe, ki odra\u017eajo tradicionalno in lepo v mestu, pri \u010demer ne \u017ertvujemo sodobnih funkcij in prakti\u010dnih dodatkov.<\/p>\n<p>Na\u0161 studio je ustvaril ljubljanske stavbe za poslovne namene, za javno uporabo in za bivalna obmo\u010dja, vendar je eden na\u0161ih najljub\u0161ih projektov iskanje starih domov in apartmajev v sredi\u0161\u010du Ljubljane, ki potrebujejo nekaj ljube\u010de nege. S pomo\u010djo na\u0161e talentirane ekipe lahko te strukture obnovimo v njihovo prvotno lepoto in jih spremenimo v prave zaklade, ki jih je mogo\u010de ob\u010dudovati in u\u017eivati, \u0161e posebej za popotnike v na\u0161em glavnem mestu Ljubljana.[\/vc_column_text][dfd_spacer screen_wide_spacer_size=&#8221;20&#8243; screen_normal_resolution=&#8221;1024&#8243; screen_tablet_resolution=&#8221;800&#8243; screen_mobile_resolution=&#8221;480&#8243;][dfd_heading subtitle=&#8221;&#8221; content_alignment=&#8221;text-left&#8221; enable_delimiter=&#8221;&#8221; undefined=&#8221;&#8221; title_font_options=&#8221;tag:h4&#8243; subtitle_font_options=&#8221;tag:div&#8221;]Zakaj izbrati na\u0161e apartmaje[\/dfd_heading][dfd_spacer screen_wide_spacer_size=&#8221;20&#8243; screen_normal_resolution=&#8221;1024&#8243; screen_tablet_resolution=&#8221;800&#8243; screen_mobile_resolution=&#8221;480&#8243;][vc_column_text]Vem, da sem lahko pristranska, vendar resni\u010dno verjamem, da so na\u0161i ljubljanski apartmaji bolj\u0161i od \u010desarkoli, kar boste na\u0161li v hotelih in najemnih apartmajih v okolici. \u010ce pridete v to pravlji\u010dno mesto, si \u017eelite resni\u010dno potopiti v ob\u010dutek in okolje mesta. Ne \u017eelite pre\u017eiveti dneva ob\u010dudovanja znamenitosti tega zgodovinskega mesta, da bi se nato odpravili v sodoben hotel, ki nima prave osebnosti.<\/p>\n<p>Ne samo, da boste ugotovili, da so na\u0161i apartmaji lep kraj za bivanje med va\u0161im obiskom na\u0161ega mesta, ampak boste tudi ugotovili, da so popolnoma zasnovani, da izpolnijo potrebe na\u0161ih popotnikov. Ker tudi na\u0161a ekipa oblikovalcev veliko potuje, smo sposobni vzeti svoje znanje o tem, kako je potovati na nova mesta, in to vklju\u010diti v apartmaje, ki jih prenovimo za vas.[\/vc_column_text][dfd_spacer screen_wide_spacer_size=&#8221;20&#8243; screen_normal_resolution=&#8221;1024&#8243; screen_tablet_resolution=&#8221;800&#8243; screen_mobile_resolution=&#8221;480&#8243;][dfd_heading subtitle=&#8221;&#8221; content_alignment=&#8221;text-left&#8221; enable_delimiter=&#8221;&#8221; undefined=&#8221;&#8221; title_font_options=&#8221;tag:h4&#8243; subtitle_font_options=&#8221;tag:div&#8221;]Ostanite dlje[\/dfd_heading][dfd_spacer screen_wide_spacer_size=&#8221;20&#8243; screen_normal_resolution=&#8221;1024&#8243; screen_tablet_resolution=&#8221;800&#8243; screen_mobile_resolution=&#8221;480&#8243;][vc_column_text]\u010ce vas skrbi, da bi pre\u017eiveli preve\u010d \u010dasa v Ljubljani, ker bi bilo jedo zunaj pri vsakem obroku preve\u010d drago, ne skrbite. Imeli boste prostor za bivanje, ki se bo po\u010dutil kot dom, kjer se lahko sprostite brez togosti hotela. Poleg tega imajo apartmaji vse ugodnosti doma, tako da lahko u\u017eivate v obrokih skupaj kot dru\u017eina, ne da bi morali zapraviti bogastvo za jedi zunaj.<br \/>\nPoleg tega lahko pre\u017eivite bolj spro\u0161\u010dene po\u010ditnice v na\u0161em lepem mestu, <a href=\"http:\/\/www.inljubljana.com\/ljubljana-bike-rental\/\">najemite kolo v Ljubljani<\/a> in \u0161e bolj odkrijete mesto ali pa raziskujete druge dele Slovenije in Evrope, pri tem pa uporabite Ljubljano kot svojo bazo. Po va\u0161ih izletih boste imeli prijeten in udoben zato\u010di\u0161\u010de, kjer se boste lahko sprostili in okrepili.<\/p>\n<p>Torej, \u010de na\u010drtujete obisk Ljubljane, stopite v stik z nami in dovolite, da vas pove\u017eemo z idealnim apartmajem za va\u0161e bivanje.<\/p>\n<p><a href=\"https:\/\/www.apartmentsinljubljana.com\">Ljubljana Apartments <\/a>\u203a About Ljubljana Apartments[\/vc_column_text][\/vc_column_inner][vc_column_inner el_class=&#8221;apartment-sidebar sidebar-section&#8221; width=&#8221;1\/4&#8243; css=&#8221;.vc_custom_1545122202377{background-color: #e5e5e5 !important;}&#8221; col_inner_shadow=&#8221;box_shadow_enable:disable|shadow_horizontal:0|shadow_vertical:15|shadow_blur:50|shadow_spread:0|box_shadow_color:rgba(0%2C0%2C0%2C0.35)&#8221; col_inner_shadow_hover=&#8221;box_shadow_enable:disable|shadow_horizontal:0|shadow_vertical:15|shadow_blur:50|shadow_spread:0|box_shadow_color:rgba(0%2C0%2C0%2C0.35)&#8221;][dfd_spacer screen_wide_spacer_size=&#8221;30&#8243; screen_normal_resolution=&#8221;1024&#8243; screen_tablet_resolution=&#8221;800&#8243; screen_mobile_resolution=&#8221;480&#8243;][dfd_heading subtitle=&#8221;&#8221; enable_delimiter=&#8221;&#8221; undefined=&#8221;&#8221; title_font_options=&#8221;tag:h5|font_size:16&#8243; subtitle_font_options=&#8221;tag:div&#8221; tutorials=&#8221;&#8221;]IZBERITE SLOG IN VELIKOST[\/dfd_heading][dfd_spacer screen_wide_spacer_size=&#8221;15&#8243; screen_normal_resolution=&#8221;1024&#8243; screen_tablet_resolution=&#8221;800&#8243; screen_mobile_resolution=&#8221;480&#8243;][vc_column_text]<a title=\"Go to Studio Apartments in Ljubljana \" href=\"https:\/\/www.apartmentsinljubljana.com\/si\/garsonjere-v-ljubljani\"><img loading=\"lazy\" decoding=\"async\" class=\"aligncenter wp-image-376\" src=\"https:\/\/www.apartmentsinljubljana.com\/wp-content\/uploads\/2018\/03\/ljubljana-apartments-ribji-trg-living1-300x200.jpg\" alt=\"\" width=\"210\" height=\"140\" srcset=\"https:\/\/www.apartmentsinljubljana.com\/wp-content\/uploads\/2018\/03\/ljubljana-apartments-ribji-trg-living1-300x200.jpg 300w, https:\/\/www.apartmentsinljubljana.com\/wp-content\/uploads\/2018\/03\/ljubljana-apartments-ribji-trg-living1-768x511.jpg 768w, https:\/\/www.apartmentsinljubljana.com\/wp-content\/uploads\/2018\/03\/ljubljana-apartments-ribji-trg-living1.jpg 900w\" sizes=\"auto, (max-width: 210px) 100vw, 210px\" \/><\/a>[\/vc_column_text][dfd_spacer screen_wide_spacer_size=&#8221;15&#8243; screen_normal_resolution=&#8221;1024&#8243; screen_tablet_resolution=&#8221;800&#8243; screen_mobile_resolution=&#8221;480&#8243;][vc_column_text]<\/p>\n<p style=\"text-align: center;\"><a href=\"https:\/\/www.apartmentsinljubljana.com\/si\/garsonjere-v-ljubljani\">Garsonjere in studiji<\/a><\/p>\n<p>[\/vc_column_text][dfd_spacer screen_wide_spacer_size=&#8221;30&#8243; screen_normal_resolution=&#8221;1024&#8243; screen_tablet_resolution=&#8221;800&#8243; screen_mobile_resolution=&#8221;480&#8243;][vc_column_text]<a title=\"Go to One-Bedroom Apartments in Ljubljana\" href=\"https:\/\/www.apartmentsinljubljana.com\/si\/dvosobni-apartmaji-v-ljubljani\"><img loading=\"lazy\" decoding=\"async\" class=\"aligncenter wp-image-382\" src=\"https:\/\/www.apartmentsinljubljana.com\/wp-content\/uploads\/2018\/03\/ljubljana-apartments-one-bedroom-apartment.jpg\" alt=\"\" width=\"210\" height=\"140\" \/><\/a>[\/vc_column_text][dfd_spacer screen_wide_spacer_size=&#8221;15&#8243; screen_normal_resolution=&#8221;1024&#8243; screen_tablet_resolution=&#8221;800&#8243; screen_mobile_resolution=&#8221;480&#8243;][vc_column_text]<\/p>\n<p style=\"text-align: center;\"><a href=\"https:\/\/www.apartmentsinljubljana.com\/si\/dvosobni-apartmaji-v-ljubljani\">Dvosobni apartmaji<\/a><\/p>\n<p>[\/vc_column_text][dfd_spacer screen_wide_spacer_size=&#8221;20&#8243; screen_normal_resolution=&#8221;1024&#8243; screen_tablet_resolution=&#8221;800&#8243; screen_mobile_resolution=&#8221;480&#8243;][vc_column_text]<a title=\"Go to Two-Bedroom Apartments in Ljubljana\" href=\"https:\/\/www.apartmentsinljubljana.com\/si\/trosobni-apartmaji-v-ljubljani\"><img loading=\"lazy\" decoding=\"async\" class=\"aligncenter wp-image-385\" src=\"https:\/\/www.apartmentsinljubljana.com\/wp-content\/uploads\/2018\/03\/Fine_Ljubljana_Apartments_Dalmatinova_29-300x200.jpg\" alt=\"\" width=\"210\" height=\"140\" srcset=\"https:\/\/www.apartmentsinljubljana.com\/wp-content\/uploads\/2018\/03\/Fine_Ljubljana_Apartments_Dalmatinova_29-300x200.jpg 300w, https:\/\/www.apartmentsinljubljana.com\/wp-content\/uploads\/2018\/03\/Fine_Ljubljana_Apartments_Dalmatinova_29-768x512.jpg 768w, https:\/\/www.apartmentsinljubljana.com\/wp-content\/uploads\/2018\/03\/Fine_Ljubljana_Apartments_Dalmatinova_29.jpg 900w\" sizes=\"auto, (max-width: 210px) 100vw, 210px\" \/><\/a>[\/vc_column_text][dfd_spacer screen_wide_spacer_size=&#8221;15&#8243; screen_normal_resolution=&#8221;1024&#8243; screen_tablet_resolution=&#8221;800&#8243; screen_mobile_resolution=&#8221;480&#8243;][vc_column_text]<\/p>\n<p style=\"text-align: center;\"><a href=\"https:\/\/www.apartmentsinljubljana.com\/si\/trosobni-apartmaji-v-ljubljani\">Trosobni apartmaji<\/a><\/p>\n<p>[\/vc_column_text][dfd_spacer screen_wide_spacer_size=&#8221;20&#8243; screen_normal_resolution=&#8221;1024&#8243; screen_tablet_resolution=&#8221;800&#8243; screen_mobile_resolution=&#8221;480&#8243;][vc_column_text]<a title=\"Go to Three-Bedroom Apartments in Ljubljana,Slovenia\" href=\"https:\/\/www.apartmentsinljubljana.com\/si\/stirisobni-apartmaji-v-ljubljani\"><img loading=\"lazy\" decoding=\"async\" class=\"aligncenter wp-image-386\" src=\"https:\/\/www.apartmentsinljubljana.com\/wp-content\/uploads\/2018\/03\/Fine_Ljubljana_Apartments_Gradaska_maxi_duplex_livingroom_3-300x200.jpg\" alt=\"\" width=\"210\" height=\"140\" srcset=\"https:\/\/www.apartmentsinljubljana.com\/wp-content\/uploads\/2018\/03\/Fine_Ljubljana_Apartments_Gradaska_maxi_duplex_livingroom_3-300x200.jpg 300w, https:\/\/www.apartmentsinljubljana.com\/wp-content\/uploads\/2018\/03\/Fine_Ljubljana_Apartments_Gradaska_maxi_duplex_livingroom_3-768x512.jpg 768w, https:\/\/www.apartmentsinljubljana.com\/wp-content\/uploads\/2018\/03\/Fine_Ljubljana_Apartments_Gradaska_maxi_duplex_livingroom_3.jpg 800w\" sizes=\"auto, (max-width: 210px) 100vw, 210px\" \/><\/a>[\/vc_column_text][dfd_spacer screen_wide_spacer_size=&#8221;15&#8243; screen_normal_resolution=&#8221;1024&#8243; screen_tablet_resolution=&#8221;800&#8243; screen_mobile_resolution=&#8221;480&#8243;][vc_column_text]<\/p>\n<p style=\"text-align: center;\"><a href=\"https:\/\/www.apartmentsinljubljana.com\/si\/stirisobni-apartmaji-v-ljubljani\">\u0160tirisobni apartmaji<\/a><\/p>\n<p>[\/vc_column_text][dfd_spacer screen_wide_spacer_size=&#8221;20&#8243; screen_normal_resolution=&#8221;1024&#8243; screen_tablet_resolution=&#8221;800&#8243; screen_mobile_resolution=&#8221;480&#8243;][\/vc_column_inner][\/vc_row_inner][dfd_spacer screen_wide_spacer_size=&#8221;50&#8243; screen_normal_resolution=&#8221;1024&#8243; screen_tablet_resolution=&#8221;800&#8243; screen_mobile_resolution=&#8221;480&#8243;][\/vc_column][\/vc_row]<\/p>\n<\/div>","protected":false},"excerpt":{"rendered":"<p>[vc_row][vc_column][vc_widget_sidebar sidebar_id=&#8221;sidebar-left&#8221; el_class=&#8221;slider-below-menu&#8221;][\/vc_column][\/vc_row][vc_row][vc_column][dfd_spacer screen_wide_spacer_size=&#8221;50&#8243; screen_normal_resolution=&#8221;1024&#8243; screen_tablet_resolution=&#8221;800&#8243; screen_mobile_resolution=&#8221;480&#8243;][dfd_heading subtitle=&#8221;&#8221; enable_delimiter=&#8221;&#8221; undefined=&#8221;&#8221; title_font_options=&#8221;tag:h1&#8243; subtitle_font_options=&#8221;tag:div&#8221;]LJUBLJANA APARTMENTS \u0096 ABOUT US[\/dfd_heading][dfd_spacer screen_wide_spacer_size=&#8221;50&#8243; screen_normal_resolution=&#8221;1024&#8243; screen_tablet_resolution=&#8221;800&#8243; screen_mobile_resolution=&#8221;480&#8243;][vc_row_inner][vc_column_inner width=&#8221;3\/4&#8243;][dfd_heading subtitle=&#8221;&#8221; content_alignment=&#8221;text-left&#8221; enable_delimiter=&#8221;&#8221; undefined=&#8221;&#8221; title_font_options=&#8221;tag:h4&#8243; subtitle_font_options=&#8221;tag:div&#8221;] Zakaj bi morali<\/p>\n","protected":false},"author":1,"featured_media":31607,"parent":0,"menu_order":0,"comment_status":"closed","ping_status":"closed","template":"","meta":{"footnotes":""},"class_list":["post-38794","page","type-page","status-publish","has-post-thumbnail","hentry"],"yoast_head":"<!-- This site is optimized with the Yoast SEO plugin v24.1 - https:\/\/yoast.com\/wordpress\/plugins\/seo\/ -->\n<title>O nas | Fine Ljubljana Apartments<\/title>\n<meta name=\"description\" content=\"Spoznajte ekipo, ki skrbi, da imate vedno zagotovljeno moderno in udobno bivanje v Ljubljani in drugih delih Slovenije.\" \/>\n<meta name=\"robots\" content=\"index, follow, max-snippet:-1, max-image-preview:large, max-video-preview:-1\" \/>\n<link rel=\"canonical\" href=\"https:\/\/www.apartmentsinljubljana.com\/si\/o-fine-ljubljana-apartments\" \/>\n<meta property=\"og:locale\" content=\"en_US\" \/>\n<meta property=\"og:type\" content=\"article\" \/>\n<meta property=\"og:title\" content=\"O nas | Fine Ljubljana Apartments\" \/>\n<meta property=\"og:description\" content=\"Spoznajte ekipo, ki skrbi, da imate vedno zagotovljeno moderno in udobno bivanje v Ljubljani in drugih delih Slovenije.\" \/>\n<meta property=\"og:url\" content=\"https:\/\/www.apartmentsinljubljana.com\/si\/o-fine-ljubljana-apartments\" \/>\n<meta property=\"og:site_name\" content=\"FLA\" \/>\n<meta property=\"article:modified_time\" content=\"2024-02-06T13:25:46+00:00\" \/>\n<meta property=\"og:image\" content=\"https:\/\/www.apartmentsinljubljana.com\/wp-content\/uploads\/2018\/06\/18-1_spa3.jpg\" \/>\n\t<meta property=\"og:image:width\" content=\"1920\" \/>\n\t<meta property=\"og:image:height\" content=\"1280\" \/>\n\t<meta property=\"og:image:type\" content=\"image\/jpeg\" \/>\n<meta name=\"twitter:card\" content=\"summary_large_image\" \/>\n<meta name=\"twitter:label1\" content=\"Est. reading time\" \/>\n\t<meta name=\"twitter:data1\" content=\"4 minutes\" \/>\n<script type=\"application\/ld+json\" class=\"yoast-schema-graph\">{\"@context\":\"https:\/\/schema.org\",\"@graph\":[{\"@type\":\"WebPage\",\"@id\":\"https:\/\/www.apartmentsinljubljana.com\/si\/o-fine-ljubljana-apartments\",\"url\":\"https:\/\/www.apartmentsinljubljana.com\/si\/o-fine-ljubljana-apartments\",\"name\":\"O nas | Fine Ljubljana Apartments\",\"isPartOf\":{\"@id\":\"https:\/\/www.apartmentsinljubljana.com\/#website\"},\"primaryImageOfPage\":{\"@id\":\"https:\/\/www.apartmentsinljubljana.com\/si\/o-fine-ljubljana-apartments#primaryimage\"},\"image\":{\"@id\":\"https:\/\/www.apartmentsinljubljana.com\/si\/o-fine-ljubljana-apartments#primaryimage\"},\"thumbnailUrl\":\"https:\/\/www.apartmentsinljubljana.com\/wp-content\/uploads\/2018\/06\/18-1_spa3.jpg\",\"datePublished\":\"2018-03-23T08:39:44+00:00\",\"dateModified\":\"2024-02-06T13:25:46+00:00\",\"description\":\"Spoznajte ekipo, ki skrbi, da imate vedno zagotovljeno moderno in udobno bivanje v Ljubljani in drugih delih Slovenije.\",\"breadcrumb\":{\"@id\":\"https:\/\/www.apartmentsinljubljana.com\/si\/o-fine-ljubljana-apartments#breadcrumb\"},\"inLanguage\":\"si-SI\",\"potentialAction\":[{\"@type\":\"ReadAction\",\"target\":[\"https:\/\/www.apartmentsinljubljana.com\/si\/o-fine-ljubljana-apartments\"]}]},{\"@type\":\"ImageObject\",\"inLanguage\":\"si-SI\",\"@id\":\"https:\/\/www.apartmentsinljubljana.com\/si\/o-fine-ljubljana-apartments#primaryimage\",\"url\":\"https:\/\/www.apartmentsinljubljana.com\/wp-content\/uploads\/2018\/06\/18-1_spa3.jpg\",\"contentUrl\":\"https:\/\/www.apartmentsinljubljana.com\/wp-content\/uploads\/2018\/06\/18-1_spa3.jpg\",\"width\":1920,\"height\":1280},{\"@type\":\"BreadcrumbList\",\"@id\":\"https:\/\/www.apartmentsinljubljana.com\/si\/o-fine-ljubljana-apartments#breadcrumb\",\"itemListElement\":[{\"@type\":\"ListItem\",\"position\":1,\"name\":\"Home\",\"item\":\"https:\/\/www.apartmentsinljubljana.com\/si\"},{\"@type\":\"ListItem\",\"position\":2,\"name\":\"O FLA\"}]},{\"@type\":\"WebSite\",\"@id\":\"https:\/\/www.apartmentsinljubljana.com\/#website\",\"url\":\"https:\/\/www.apartmentsinljubljana.com\/\",\"name\":\"FLA\",\"description\":\"Apartmaji v Ljubljani\",\"potentialAction\":[{\"@type\":\"SearchAction\",\"target\":{\"@type\":\"EntryPoint\",\"urlTemplate\":\"https:\/\/www.apartmentsinljubljana.com\/?s={search_term_string}\"},\"query-input\":{\"@type\":\"PropertyValueSpecification\",\"valueRequired\":true,\"valueName\":\"search_term_string\"}}],\"inLanguage\":\"si-SI\"}]}<\/script>\n<!-- \/ Yoast SEO plugin. -->","yoast_head_json":{"title":"O nas | Fine Ljubljana Apartments","description":"Spoznajte ekipo, ki skrbi, da imate vedno zagotovljeno moderno in udobno bivanje v Ljubljani in drugih delih Slovenije.","robots":{"index":"index","follow":"follow","max-snippet":"max-snippet:-1","max-image-preview":"max-image-preview:large","max-video-preview":"max-video-preview:-1"},"canonical":"https:\/\/www.apartmentsinljubljana.com\/si\/o-fine-ljubljana-apartments","og_locale":"en_US","og_type":"article","og_title":"O nas | Fine Ljubljana Apartments","og_description":"Spoznajte ekipo, ki skrbi, da imate vedno zagotovljeno moderno in udobno bivanje v Ljubljani in drugih delih Slovenije.","og_url":"https:\/\/www.apartmentsinljubljana.com\/si\/o-fine-ljubljana-apartments","og_site_name":"FLA","article_modified_time":"2024-02-06T13:25:46+00:00","og_image":[{"width":1920,"height":1280,"url":"https:\/\/www.apartmentsinljubljana.com\/wp-content\/uploads\/2018\/06\/18-1_spa3.jpg","type":"image\/jpeg"}],"twitter_card":"summary_large_image","twitter_misc":{"Est. reading time":"4 minutes"},"schema":{"@context":"https:\/\/schema.org","@graph":[{"@type":"WebPage","@id":"https:\/\/www.apartmentsinljubljana.com\/si\/o-fine-ljubljana-apartments","url":"https:\/\/www.apartmentsinljubljana.com\/si\/o-fine-ljubljana-apartments","name":"O nas | Fine Ljubljana Apartments","isPartOf":{"@id":"https:\/\/www.apartmentsinljubljana.com\/#website"},"primaryImageOfPage":{"@id":"https:\/\/www.apartmentsinljubljana.com\/si\/o-fine-ljubljana-apartments#primaryimage"},"image":{"@id":"https:\/\/www.apartmentsinljubljana.com\/si\/o-fine-ljubljana-apartments#primaryimage"},"thumbnailUrl":"https:\/\/www.apartmentsinljubljana.com\/wp-content\/uploads\/2018\/06\/18-1_spa3.jpg","datePublished":"2018-03-23T08:39:44+00:00","dateModified":"2024-02-06T13:25:46+00:00","description":"Spoznajte ekipo, ki skrbi, da imate vedno zagotovljeno moderno in udobno bivanje v Ljubljani in drugih delih Slovenije.","breadcrumb":{"@id":"https:\/\/www.apartmentsinljubljana.com\/si\/o-fine-ljubljana-apartments#breadcrumb"},"inLanguage":"si-SI","potentialAction":[{"@type":"ReadAction","target":["https:\/\/www.apartmentsinljubljana.com\/si\/o-fine-ljubljana-apartments"]}]},{"@type":"ImageObject","inLanguage":"si-SI","@id":"https:\/\/www.apartmentsinljubljana.com\/si\/o-fine-ljubljana-apartments#primaryimage","url":"https:\/\/www.apartmentsinljubljana.com\/wp-content\/uploads\/2018\/06\/18-1_spa3.jpg","contentUrl":"https:\/\/www.apartmentsinljubljana.com\/wp-content\/uploads\/2018\/06\/18-1_spa3.jpg","width":1920,"height":1280},{"@type":"BreadcrumbList","@id":"https:\/\/www.apartmentsinljubljana.com\/si\/o-fine-ljubljana-apartments#breadcrumb","itemListElement":[{"@type":"ListItem","position":1,"name":"Home","item":"https:\/\/www.apartmentsinljubljana.com\/si"},{"@type":"ListItem","position":2,"name":"O FLA"}]},{"@type":"WebSite","@id":"https:\/\/www.apartmentsinljubljana.com\/#website","url":"https:\/\/www.apartmentsinljubljana.com\/","name":"FLA","description":"Apartmaji v Ljubljani","potentialAction":[{"@type":"SearchAction","target":{"@type":"EntryPoint","urlTemplate":"https:\/\/www.apartmentsinljubljana.com\/?s={search_term_string}"},"query-input":{"@type":"PropertyValueSpecification","valueRequired":true,"valueName":"search_term_string"}}],"inLanguage":"si-SI"}]}},"_links":{"self":[{"href":"https:\/\/www.apartmentsinljubljana.com\/si\/wp-json\/wp\/v2\/pages\/38794","targetHints":{"allow":["GET"]}}],"collection":[{"href":"https:\/\/www.apartmentsinljubljana.com\/si\/wp-json\/wp\/v2\/pages"}],"about":[{"href":"https:\/\/www.apartmentsinljubljana.com\/si\/wp-json\/wp\/v2\/types\/page"}],"author":[{"embeddable":true,"href":"https:\/\/www.apartmentsinljubljana.com\/si\/wp-json\/wp\/v2\/users\/1"}],"replies":[{"embeddable":true,"href":"https:\/\/www.apartmentsinljubljana.com\/si\/wp-json\/wp\/v2\/comments?post=38794"}],"version-history":[{"count":4,"href":"https:\/\/www.apartmentsinljubljana.com\/si\/wp-json\/wp\/v2\/pages\/38794\/revisions"}],"predecessor-version":[{"id":41307,"href":"https:\/\/www.apartmentsinljubljana.com\/si\/wp-json\/wp\/v2\/pages\/38794\/revisions\/41307"}],"wp:featuredmedia":[{"embeddable":true,"href":"https:\/\/www.apartmentsinljubljana.com\/si\/wp-json\/wp\/v2\/media\/31607"}],"wp:attachment":[{"href":"https:\/\/www.apartmentsinljubljana.com\/si\/wp-json\/wp\/v2\/media?parent=38794"}],"curies":[{"name":"wp","href":"https:\/\/api.w.org\/{rel}","templated":true}]}}