{"id":38775,"date":"2018-03-23T08:39:44","date_gmt":"2018-03-23T08:39:44","guid":{"rendered":"https:\/\/www.apartmentsinljubljana.com\/it\/about-ljubljana-apartments.html"},"modified":"2024-03-01T13:01:27","modified_gmt":"2024-03-01T13:01:27","slug":"riguardo-a-fine-ljubljana-apartments","status":"publish","type":"page","link":"https:\/\/www.apartmentsinljubljana.com\/it\/riguardo-a-fine-ljubljana-apartments","title":{"rendered":"Informazioni su FLA"},"content":{"rendered":"<div class=\"wpb-content-wrapper\"><p>[vc_row][vc_column][vc_widget_sidebar sidebar_id=&#8221;sidebar-left&#8221; el_class=&#8221;slider-below-menu&#8221;][\/vc_column][\/vc_row][vc_row][vc_column][dfd_spacer screen_wide_spacer_size=&#8221;50&#8243; screen_normal_resolution=&#8221;1024&#8243; screen_tablet_resolution=&#8221;800&#8243; screen_mobile_resolution=&#8221;480&#8243;][dfd_heading subtitle=&#8221;&#8221; enable_delimiter=&#8221;&#8221; undefined=&#8221;&#8221; title_font_options=&#8221;tag:h1&#8243; subtitle_font_options=&#8221;tag:div&#8221; tutorials=&#8221;&#8221;]Riguardo a Fine Ljubljana Apartments[\/dfd_heading][dfd_spacer screen_wide_spacer_size=&#8221;50&#8243; screen_normal_resolution=&#8221;1024&#8243; screen_tablet_resolution=&#8221;800&#8243; screen_mobile_resolution=&#8221;480&#8243;][vc_row_inner][vc_column_inner width=&#8221;3\/4&#8243;][dfd_heading subtitle=&#8221;&#8221; content_alignment=&#8221;text-left&#8221; enable_delimiter=&#8221;&#8221; undefined=&#8221;&#8221; title_font_options=&#8221;tag:h4&#8243; subtitle_font_options=&#8221;tag:div&#8221; tutorials=&#8221;&#8221;]Perch\u00e9 dovresti prendere in considerazione i nostri appartamenti a Lubiana[\/dfd_heading][dfd_spacer screen_wide_spacer_size=&#8221;20&#8243; screen_normal_resolution=&#8221;1024&#8243; screen_tablet_resolution=&#8221;800&#8243; screen_mobile_resolution=&#8221;480&#8243;][vc_column_text]Quando arrivate nella nostra affascinante citt\u00e0 di Lubiana, non dovete necessariamente soggiornare in uno di quegli hotel ordinari che potreste trovare in quasi tutte le citt\u00e0 del mondo. Invece, vi invito a vivere la vera magia della nostra citt\u00e0 affittando uno dei nostri appartamenti che abbiamo progettato appositamente per voi.[\/vc_column_text][dfd_spacer screen_wide_spacer_size=&#8221;20&#8243; screen_normal_resolution=&#8221;1024&#8243; screen_tablet_resolution=&#8221;800&#8243; screen_mobile_resolution=&#8221;480&#8243;][dfd_heading subtitle=&#8221;&#8221; content_alignment=&#8221;text-left&#8221; enable_delimiter=&#8221;&#8221; undefined=&#8221;&#8221; title_font_options=&#8221;tag:h4&#8243; subtitle_font_options=&#8221;tag:div&#8221; tutorials=&#8221;&#8221;]Chi Siamo[\/dfd_heading][dfd_spacer screen_wide_spacer_size=&#8221;20&#8243; screen_normal_resolution=&#8221;1024&#8243; screen_tablet_resolution=&#8221;800&#8243; screen_mobile_resolution=&#8221;480&#8243;][vc_column_text]Mi chiamo Alenka e sono la responsabile di uno studio di architettura con sede qui a Lubiana. Sono una progettista edile appassionata che considera Lubiana casa propria. Poich\u00e9 la mia famiglia ed io viviamo nel centro della citt\u00e0 e conosciamo quali sono gli aspetti che illustrano il vero cuore di Lubiana, il nostro team pu\u00f2 progettare edifici che riflettono ci\u00f2 che \u00e8 tradizionale e bello della citt\u00e0 senza sacrificare caratteristiche moderne e aggiunte pratiche.<\/p>\n<p>Il nostro studio ha creato edifici a Lubiana per scopi commerciali, per uso pubblico e per aree residenziali, ma uno dei nostri progetti preferiti \u00e8 quello di trovare vecchie case e appartamenti nel centro di Lubiana che hanno bisogno di cure amorevoli. Con il nostro talentuoso team, siamo in grado di ripristinare queste strutture alla loro bellezza originale e renderle veri tesori da ammirare e godere, in particolare dai viaggiatori nella nostra capitale, Lubiana.[\/vc_column_text][dfd_spacer screen_wide_spacer_size=&#8221;20&#8243; screen_normal_resolution=&#8221;1024&#8243; screen_tablet_resolution=&#8221;800&#8243; screen_mobile_resolution=&#8221;480&#8243;][dfd_heading subtitle=&#8221;&#8221; content_alignment=&#8221;text-left&#8221; enable_delimiter=&#8221;&#8221; undefined=&#8221;&#8221; title_font_options=&#8221;tag:h4&#8243; subtitle_font_options=&#8221;tag:div&#8221; tutorials=&#8221;&#8221;]Perch\u00e9 scegliere i nostri appartamenti[\/dfd_heading][dfd_spacer screen_wide_spacer_size=&#8221;20&#8243; screen_normal_resolution=&#8221;1024&#8243; screen_tablet_resolution=&#8221;800&#8243; screen_mobile_resolution=&#8221;480&#8243;][vc_column_text]So di poter essere di parte, ma credo sinceramente che i nostri appartamenti a Lubiana siano superiori a qualsiasi cosa troverai negli hotel e negli appartamenti in affitto della zona. Se vieni in questa citt\u00e0 da fiaba, vuoi davvero immergerti nella sua atmosfera e nel suo ambiente. Non vuoi passare la giornata ammirando i monumenti di questa citt\u00e0 storica solo per andare in un hotel moderno che manca di personalit\u00e0 reale.<\/p>\n<p>Non solo scoprirai che i nostri appartamenti sono un luogo incantevole dove soggiornare mentre visiti la nostra citt\u00e0, ma scoprirai anche che sono perfettamente progettati per soddisfare le esigenze dei nostri viaggiatori. Poich\u00e9 il nostro team di designer viaggia molto, siamo in grado di utilizzare la nostra conoscenza su cosa significhi viaggiare in nuovi posti e incorporarla negli appartamenti che rimodelliamo per voi.[\/vc_column_text][dfd_spacer screen_wide_spacer_size=&#8221;20&#8243; screen_normal_resolution=&#8221;1024&#8243; screen_tablet_resolution=&#8221;800&#8243; screen_mobile_resolution=&#8221;480&#8243;][dfd_heading subtitle=&#8221;&#8221; content_alignment=&#8221;text-left&#8221; enable_delimiter=&#8221;&#8221; undefined=&#8221;&#8221; title_font_options=&#8221;tag:h4&#8243; subtitle_font_options=&#8221;tag:div&#8221; tutorials=&#8221;&#8221;]Soggiornare pi\u00f9 a lungo[\/dfd_heading][dfd_spacer screen_wide_spacer_size=&#8221;20&#8243; screen_normal_resolution=&#8221;1024&#8243; screen_tablet_resolution=&#8221;800&#8243; screen_mobile_resolution=&#8221;480&#8243;][vc_column_text]Se sei preoccupato di passare troppo tempo a Lubiana perch\u00e9 mangiare fuori a ogni pasto potrebbe essere troppo costoso, non preoccuparti. Avrai un posto dove soggiornare che ti far\u00e0 sentire come a casa, dove potrai rilassarti senza la rigidit\u00e0 di un hotel. Inoltre, gli appartamenti dispongono di tutti i comfort di casa, quindi puoi persino gustare pasti insieme come famiglia senza dover spendere una fortuna per mangiare fuori.<br \/>\nPuoi anche goderti una vacanza pi\u00f9 rilassata nella nostra incantevole citt\u00e0, noleggiare una bicicletta a Lubiana e scoprire ancora di pi\u00f9 della citt\u00e0, o esplorare altre parti della Slovenia e dell&#8217;Europa utilizzando Lubiana come base. Dopo le tue escursioni, avrai un rifugio accogliente e confortevole in cui goderti il \u200b\u200btuo tempo e recuperare le energie.<\/p>\n<p>Quindi, se stai pianificando una visita a Lubiana, mettiti in contatto con noi e lasciaci trovare per te l&#8217;appartamento ideale per il tuo soggiorno.<\/p>\n<p><a href=\"https:\/\/www.apartmentsinljubljana.com\">Ljubljana Apartments <\/a>\u203a Informazioni su FLA[\/vc_column_text][\/vc_column_inner][vc_column_inner el_class=&#8221;apartment-sidebar sidebar-section&#8221; width=&#8221;1\/4&#8243; css=&#8221;.vc_custom_1545122202377{background-color: #e5e5e5 !important;}&#8221; col_inner_shadow=&#8221;box_shadow_enable:disable|shadow_horizontal:0|shadow_vertical:15|shadow_blur:50|shadow_spread:0|box_shadow_color:rgba(0%2C0%2C0%2C0.35)&#8221; col_inner_shadow_hover=&#8221;box_shadow_enable:disable|shadow_horizontal:0|shadow_vertical:15|shadow_blur:50|shadow_spread:0|box_shadow_color:rgba(0%2C0%2C0%2C0.35)&#8221;][dfd_spacer screen_wide_spacer_size=&#8221;30&#8243; screen_normal_resolution=&#8221;1024&#8243; screen_tablet_resolution=&#8221;800&#8243; screen_mobile_resolution=&#8221;480&#8243;][dfd_heading subtitle=&#8221;&#8221; enable_delimiter=&#8221;&#8221; undefined=&#8221;&#8221; title_font_options=&#8221;tag:h5|font_size:16&#8243; subtitle_font_options=&#8221;tag:div&#8221; tutorials=&#8221;&#8221;]SCEGLI LA TUA DIMENSIONE E STILE[\/dfd_heading][dfd_spacer screen_wide_spacer_size=&#8221;15&#8243; screen_normal_resolution=&#8221;1024&#8243; screen_tablet_resolution=&#8221;800&#8243; screen_mobile_resolution=&#8221;480&#8243;][vc_column_text]<a title=\"Go to Studio Apartments in Ljubljana \" href=\"https:\/\/www.apartmentsinljubljana.com\/it\/monolocali-a-lubiana\"><img loading=\"lazy\" decoding=\"async\" class=\"aligncenter wp-image-376\" src=\"https:\/\/www.apartmentsinljubljana.com\/wp-content\/uploads\/2018\/03\/ljubljana-apartments-ribji-trg-living1-300x200.jpg\" alt=\"\" width=\"210\" height=\"140\" srcset=\"https:\/\/www.apartmentsinljubljana.com\/wp-content\/uploads\/2018\/03\/ljubljana-apartments-ribji-trg-living1-300x200.jpg 300w, https:\/\/www.apartmentsinljubljana.com\/wp-content\/uploads\/2018\/03\/ljubljana-apartments-ribji-trg-living1-768x511.jpg 768w, https:\/\/www.apartmentsinljubljana.com\/wp-content\/uploads\/2018\/03\/ljubljana-apartments-ribji-trg-living1.jpg 900w\" sizes=\"auto, (max-width: 210px) 100vw, 210px\" \/><\/a>[\/vc_column_text][dfd_spacer screen_wide_spacer_size=&#8221;15&#8243; screen_normal_resolution=&#8221;1024&#8243; screen_tablet_resolution=&#8221;800&#8243; screen_mobile_resolution=&#8221;480&#8243;][vc_column_text]<\/p>\n<p style=\"text-align: center;\"><a href=\"https:\/\/www.apartmentsinljubljana.com\/it\/monolocali-a-lubiana\">Monolocali Appartamenti<\/a><\/p>\n<p>[\/vc_column_text][dfd_spacer screen_wide_spacer_size=&#8221;30&#8243; screen_normal_resolution=&#8221;1024&#8243; screen_tablet_resolution=&#8221;800&#8243; screen_mobile_resolution=&#8221;480&#8243;][vc_column_text]<a title=\"Go to One-Bedroom Apartments in Ljubljana\" href=\"https:\/\/www.apartmentsinljubljana.com\/it\/appartamenti-con-una-camera-da-letto-a-lubiana\"><img loading=\"lazy\" decoding=\"async\" class=\"aligncenter wp-image-382\" src=\"https:\/\/www.apartmentsinljubljana.com\/wp-content\/uploads\/2018\/03\/ljubljana-apartments-one-bedroom-apartment.jpg\" alt=\"\" width=\"210\" height=\"140\" \/><\/a>[\/vc_column_text][dfd_spacer screen_wide_spacer_size=&#8221;15&#8243; screen_normal_resolution=&#8221;1024&#8243; screen_tablet_resolution=&#8221;800&#8243; screen_mobile_resolution=&#8221;480&#8243;][vc_column_text]<\/p>\n<p style=\"text-align: center;\"><a href=\"https:\/\/www.apartmentsinljubljana.com\/it\/appartamenti-con-una-camera-da-letto-a-lubiana\">Appartamenti con 1 camera da letto<\/a><\/p>\n<p>[\/vc_column_text][dfd_spacer screen_wide_spacer_size=&#8221;20&#8243; screen_normal_resolution=&#8221;1024&#8243; screen_tablet_resolution=&#8221;800&#8243; screen_mobile_resolution=&#8221;480&#8243;][vc_column_text]<a title=\"Go to Two-Bedroom Apartments in Ljubljana\" href=\"https:\/\/www.apartmentsinljubljana.com\/it\/appartamenti-con-due-camere-da-letto-a-lubiana\"><img loading=\"lazy\" decoding=\"async\" class=\"aligncenter wp-image-385\" src=\"https:\/\/www.apartmentsinljubljana.com\/wp-content\/uploads\/2018\/03\/Fine_Ljubljana_Apartments_Dalmatinova_29-300x200.jpg\" alt=\"\" width=\"210\" height=\"140\" srcset=\"https:\/\/www.apartmentsinljubljana.com\/wp-content\/uploads\/2018\/03\/Fine_Ljubljana_Apartments_Dalmatinova_29-300x200.jpg 300w, https:\/\/www.apartmentsinljubljana.com\/wp-content\/uploads\/2018\/03\/Fine_Ljubljana_Apartments_Dalmatinova_29-768x512.jpg 768w, https:\/\/www.apartmentsinljubljana.com\/wp-content\/uploads\/2018\/03\/Fine_Ljubljana_Apartments_Dalmatinova_29.jpg 900w\" sizes=\"auto, (max-width: 210px) 100vw, 210px\" \/><\/a>[\/vc_column_text][dfd_spacer screen_wide_spacer_size=&#8221;15&#8243; screen_normal_resolution=&#8221;1024&#8243; screen_tablet_resolution=&#8221;800&#8243; screen_mobile_resolution=&#8221;480&#8243;][vc_column_text]<\/p>\n<p style=\"text-align: center;\"><a href=\"https:\/\/www.apartmentsinljubljana.com\/it\/appartamenti-con-due-camere-da-letto-a-lubiana\">Appartamenti con 2 camere da letto<\/a><\/p>\n<p>[\/vc_column_text][dfd_spacer screen_wide_spacer_size=&#8221;20&#8243; screen_normal_resolution=&#8221;1024&#8243; screen_tablet_resolution=&#8221;800&#8243; screen_mobile_resolution=&#8221;480&#8243;][vc_column_text]<a title=\"Go to Three-Bedroom Apartments in Ljubljana,Slovenia\" href=\"https:\/\/www.apartmentsinljubljana.com\/it\/appartamenti-con-3-camere-da-letto\"><img loading=\"lazy\" decoding=\"async\" class=\"aligncenter wp-image-386\" src=\"https:\/\/www.apartmentsinljubljana.com\/wp-content\/uploads\/2018\/03\/Fine_Ljubljana_Apartments_Gradaska_maxi_duplex_livingroom_3-300x200.jpg\" alt=\"\" width=\"210\" height=\"140\" srcset=\"https:\/\/www.apartmentsinljubljana.com\/wp-content\/uploads\/2018\/03\/Fine_Ljubljana_Apartments_Gradaska_maxi_duplex_livingroom_3-300x200.jpg 300w, https:\/\/www.apartmentsinljubljana.com\/wp-content\/uploads\/2018\/03\/Fine_Ljubljana_Apartments_Gradaska_maxi_duplex_livingroom_3-768x512.jpg 768w, https:\/\/www.apartmentsinljubljana.com\/wp-content\/uploads\/2018\/03\/Fine_Ljubljana_Apartments_Gradaska_maxi_duplex_livingroom_3.jpg 800w\" sizes=\"auto, (max-width: 210px) 100vw, 210px\" \/><\/a>[\/vc_column_text][dfd_spacer screen_wide_spacer_size=&#8221;15&#8243; screen_normal_resolution=&#8221;1024&#8243; screen_tablet_resolution=&#8221;800&#8243; screen_mobile_resolution=&#8221;480&#8243;][vc_column_text]<\/p>\n<p style=\"text-align: center;\"><a href=\"https:\/\/www.apartmentsinljubljana.com\/it\/appartamenti-con-3-camere-da-letto\">Appartamenti con 3 camere da letto<\/a><\/p>\n<p>[\/vc_column_text][dfd_spacer screen_wide_spacer_size=&#8221;20&#8243; screen_normal_resolution=&#8221;1024&#8243; screen_tablet_resolution=&#8221;800&#8243; screen_mobile_resolution=&#8221;480&#8243;][\/vc_column_inner][\/vc_row_inner][dfd_spacer screen_wide_spacer_size=&#8221;50&#8243; screen_normal_resolution=&#8221;1024&#8243; screen_tablet_resolution=&#8221;800&#8243; screen_mobile_resolution=&#8221;480&#8243;][\/vc_column][\/vc_row]<\/p>\n<\/div>","protected":false},"excerpt":{"rendered":"<p>[vc_row][vc_column][vc_widget_sidebar sidebar_id=&#8221;sidebar-left&#8221; el_class=&#8221;slider-below-menu&#8221;][\/vc_column][\/vc_row][vc_row][vc_column][dfd_spacer screen_wide_spacer_size=&#8221;50&#8243; screen_normal_resolution=&#8221;1024&#8243; screen_tablet_resolution=&#8221;800&#8243; screen_mobile_resolution=&#8221;480&#8243;][dfd_heading subtitle=&#8221;&#8221; enable_delimiter=&#8221;&#8221; undefined=&#8221;&#8221; title_font_options=&#8221;tag:h1&#8243; subtitle_font_options=&#8221;tag:div&#8221; tutorials=&#8221;&#8221;]Riguardo a Fine Ljubljana Apartments[\/dfd_heading][dfd_spacer screen_wide_spacer_size=&#8221;50&#8243; screen_normal_resolution=&#8221;1024&#8243; screen_tablet_resolution=&#8221;800&#8243; screen_mobile_resolution=&#8221;480&#8243;][vc_row_inner][vc_column_inner width=&#8221;3\/4&#8243;][dfd_heading subtitle=&#8221;&#8221; content_alignment=&#8221;text-left&#8221; enable_delimiter=&#8221;&#8221; undefined=&#8221;&#8221; title_font_options=&#8221;tag:h4&#8243; subtitle_font_options=&#8221;tag:div&#8221; tutorials=&#8221;&#8221;]Perch\u00e9 dovresti<\/p>\n","protected":false},"author":1,"featured_media":2903,"parent":0,"menu_order":0,"comment_status":"closed","ping_status":"closed","template":"","meta":{"footnotes":""},"class_list":["post-38775","page","type-page","status-publish","has-post-thumbnail","hentry"],"yoast_head":"<!-- This site is optimized with the Yoast SEO plugin v24.1 - https:\/\/yoast.com\/wordpress\/plugins\/seo\/ -->\n<title>Riguardo a Fine Ljubljana Apartments | Fine Ljubljana Apartments<\/title>\n<meta name=\"description\" content=\"Riguardo a Fine Ljubljana Apartments - Scopri le persone gentili dietro agli appartamenti ristrutturati a Lubiana.\" \/>\n<meta name=\"robots\" content=\"index, follow, max-snippet:-1, max-image-preview:large, max-video-preview:-1\" \/>\n<link rel=\"canonical\" href=\"https:\/\/www.apartmentsinljubljana.com\/it\/riguardo-a-fine-ljubljana-apartments\" \/>\n<meta property=\"og:locale\" content=\"it_IT\" \/>\n<meta property=\"og:type\" content=\"article\" \/>\n<meta property=\"og:title\" content=\"Riguardo a Fine Ljubljana Apartments | Fine Ljubljana Apartments\" \/>\n<meta property=\"og:description\" content=\"Riguardo a Fine Ljubljana Apartments - Scopri le persone gentili dietro agli appartamenti ristrutturati a Lubiana.\" \/>\n<meta property=\"og:url\" content=\"https:\/\/www.apartmentsinljubljana.com\/it\/riguardo-a-fine-ljubljana-apartments\" \/>\n<meta property=\"og:site_name\" content=\"FLA\" \/>\n<meta property=\"article:modified_time\" content=\"2024-03-01T13:01:27+00:00\" \/>\n<meta property=\"og:image\" content=\"https:\/\/www.apartmentsinljubljana.com\/wp-content\/uploads\/2018\/06\/18-1_spa3.jpg\" \/>\n\t<meta property=\"og:image:width\" content=\"1920\" \/>\n\t<meta property=\"og:image:height\" content=\"1280\" \/>\n\t<meta property=\"og:image:type\" content=\"image\/jpeg\" \/>\n<meta name=\"twitter:card\" content=\"summary_large_image\" \/>\n<meta name=\"twitter:label1\" content=\"Tempo di lettura stimato\" \/>\n\t<meta name=\"twitter:data1\" content=\"4 minuti\" \/>\n<script type=\"application\/ld+json\" class=\"yoast-schema-graph\">{\"@context\":\"https:\/\/schema.org\",\"@graph\":[{\"@type\":\"WebPage\",\"@id\":\"https:\/\/www.apartmentsinljubljana.com\/it\/riguardo-a-fine-ljubljana-apartments\",\"url\":\"https:\/\/www.apartmentsinljubljana.com\/it\/riguardo-a-fine-ljubljana-apartments\",\"name\":\"Riguardo a Fine Ljubljana Apartments | Fine Ljubljana Apartments\",\"isPartOf\":{\"@id\":\"https:\/\/www.apartmentsinljubljana.com\/#website\"},\"primaryImageOfPage\":{\"@id\":\"https:\/\/www.apartmentsinljubljana.com\/it\/riguardo-a-fine-ljubljana-apartments#primaryimage\"},\"image\":{\"@id\":\"https:\/\/www.apartmentsinljubljana.com\/it\/riguardo-a-fine-ljubljana-apartments#primaryimage\"},\"thumbnailUrl\":\"https:\/\/www.apartmentsinljubljana.com\/wp-content\/uploads\/2018\/06\/18-1_spa3.jpg\",\"datePublished\":\"2018-03-23T08:39:44+00:00\",\"dateModified\":\"2024-03-01T13:01:27+00:00\",\"description\":\"Riguardo a Fine Ljubljana Apartments - Scopri le persone gentili dietro agli appartamenti ristrutturati a Lubiana.\",\"breadcrumb\":{\"@id\":\"https:\/\/www.apartmentsinljubljana.com\/it\/riguardo-a-fine-ljubljana-apartments#breadcrumb\"},\"inLanguage\":\"it-IT\",\"potentialAction\":[{\"@type\":\"ReadAction\",\"target\":[\"https:\/\/www.apartmentsinljubljana.com\/it\/riguardo-a-fine-ljubljana-apartments\"]}]},{\"@type\":\"ImageObject\",\"inLanguage\":\"it-IT\",\"@id\":\"https:\/\/www.apartmentsinljubljana.com\/it\/riguardo-a-fine-ljubljana-apartments#primaryimage\",\"url\":\"https:\/\/www.apartmentsinljubljana.com\/wp-content\/uploads\/2018\/06\/18-1_spa3.jpg\",\"contentUrl\":\"https:\/\/www.apartmentsinljubljana.com\/wp-content\/uploads\/2018\/06\/18-1_spa3.jpg\",\"width\":1920,\"height\":1280},{\"@type\":\"BreadcrumbList\",\"@id\":\"https:\/\/www.apartmentsinljubljana.com\/it\/riguardo-a-fine-ljubljana-apartments#breadcrumb\",\"itemListElement\":[{\"@type\":\"ListItem\",\"position\":1,\"name\":\"Home\",\"item\":\"https:\/\/www.apartmentsinljubljana.com\/it\"},{\"@type\":\"ListItem\",\"position\":2,\"name\":\"Informazioni su FLA\"}]},{\"@type\":\"WebSite\",\"@id\":\"https:\/\/www.apartmentsinljubljana.com\/#website\",\"url\":\"https:\/\/www.apartmentsinljubljana.com\/\",\"name\":\"FLA\",\"description\":\"Appartamenti in Lubiana\",\"potentialAction\":[{\"@type\":\"SearchAction\",\"target\":{\"@type\":\"EntryPoint\",\"urlTemplate\":\"https:\/\/www.apartmentsinljubljana.com\/?s={search_term_string}\"},\"query-input\":{\"@type\":\"PropertyValueSpecification\",\"valueRequired\":true,\"valueName\":\"search_term_string\"}}],\"inLanguage\":\"it-IT\"}]}<\/script>\n<!-- \/ Yoast SEO plugin. -->","yoast_head_json":{"title":"Riguardo a Fine Ljubljana Apartments | Fine Ljubljana Apartments","description":"Riguardo a Fine Ljubljana Apartments - Scopri le persone gentili dietro agli appartamenti ristrutturati a Lubiana.","robots":{"index":"index","follow":"follow","max-snippet":"max-snippet:-1","max-image-preview":"max-image-preview:large","max-video-preview":"max-video-preview:-1"},"canonical":"https:\/\/www.apartmentsinljubljana.com\/it\/riguardo-a-fine-ljubljana-apartments","og_locale":"it_IT","og_type":"article","og_title":"Riguardo a Fine Ljubljana Apartments | Fine Ljubljana Apartments","og_description":"Riguardo a Fine Ljubljana Apartments - Scopri le persone gentili dietro agli appartamenti ristrutturati a Lubiana.","og_url":"https:\/\/www.apartmentsinljubljana.com\/it\/riguardo-a-fine-ljubljana-apartments","og_site_name":"FLA","article_modified_time":"2024-03-01T13:01:27+00:00","og_image":[{"width":1920,"height":1280,"url":"https:\/\/www.apartmentsinljubljana.com\/wp-content\/uploads\/2018\/06\/18-1_spa3.jpg","type":"image\/jpeg"}],"twitter_card":"summary_large_image","twitter_misc":{"Tempo di lettura stimato":"4 minuti"},"schema":{"@context":"https:\/\/schema.org","@graph":[{"@type":"WebPage","@id":"https:\/\/www.apartmentsinljubljana.com\/it\/riguardo-a-fine-ljubljana-apartments","url":"https:\/\/www.apartmentsinljubljana.com\/it\/riguardo-a-fine-ljubljana-apartments","name":"Riguardo a Fine Ljubljana Apartments | Fine Ljubljana Apartments","isPartOf":{"@id":"https:\/\/www.apartmentsinljubljana.com\/#website"},"primaryImageOfPage":{"@id":"https:\/\/www.apartmentsinljubljana.com\/it\/riguardo-a-fine-ljubljana-apartments#primaryimage"},"image":{"@id":"https:\/\/www.apartmentsinljubljana.com\/it\/riguardo-a-fine-ljubljana-apartments#primaryimage"},"thumbnailUrl":"https:\/\/www.apartmentsinljubljana.com\/wp-content\/uploads\/2018\/06\/18-1_spa3.jpg","datePublished":"2018-03-23T08:39:44+00:00","dateModified":"2024-03-01T13:01:27+00:00","description":"Riguardo a Fine Ljubljana Apartments - Scopri le persone gentili dietro agli appartamenti ristrutturati a Lubiana.","breadcrumb":{"@id":"https:\/\/www.apartmentsinljubljana.com\/it\/riguardo-a-fine-ljubljana-apartments#breadcrumb"},"inLanguage":"it-IT","potentialAction":[{"@type":"ReadAction","target":["https:\/\/www.apartmentsinljubljana.com\/it\/riguardo-a-fine-ljubljana-apartments"]}]},{"@type":"ImageObject","inLanguage":"it-IT","@id":"https:\/\/www.apartmentsinljubljana.com\/it\/riguardo-a-fine-ljubljana-apartments#primaryimage","url":"https:\/\/www.apartmentsinljubljana.com\/wp-content\/uploads\/2018\/06\/18-1_spa3.jpg","contentUrl":"https:\/\/www.apartmentsinljubljana.com\/wp-content\/uploads\/2018\/06\/18-1_spa3.jpg","width":1920,"height":1280},{"@type":"BreadcrumbList","@id":"https:\/\/www.apartmentsinljubljana.com\/it\/riguardo-a-fine-ljubljana-apartments#breadcrumb","itemListElement":[{"@type":"ListItem","position":1,"name":"Home","item":"https:\/\/www.apartmentsinljubljana.com\/it"},{"@type":"ListItem","position":2,"name":"Informazioni su FLA"}]},{"@type":"WebSite","@id":"https:\/\/www.apartmentsinljubljana.com\/#website","url":"https:\/\/www.apartmentsinljubljana.com\/","name":"FLA","description":"Appartamenti in Lubiana","potentialAction":[{"@type":"SearchAction","target":{"@type":"EntryPoint","urlTemplate":"https:\/\/www.apartmentsinljubljana.com\/?s={search_term_string}"},"query-input":{"@type":"PropertyValueSpecification","valueRequired":true,"valueName":"search_term_string"}}],"inLanguage":"it-IT"}]}},"_links":{"self":[{"href":"https:\/\/www.apartmentsinljubljana.com\/it\/wp-json\/wp\/v2\/pages\/38775","targetHints":{"allow":["GET"]}}],"collection":[{"href":"https:\/\/www.apartmentsinljubljana.com\/it\/wp-json\/wp\/v2\/pages"}],"about":[{"href":"https:\/\/www.apartmentsinljubljana.com\/it\/wp-json\/wp\/v2\/types\/page"}],"author":[{"embeddable":true,"href":"https:\/\/www.apartmentsinljubljana.com\/it\/wp-json\/wp\/v2\/users\/1"}],"replies":[{"embeddable":true,"href":"https:\/\/www.apartmentsinljubljana.com\/it\/wp-json\/wp\/v2\/comments?post=38775"}],"version-history":[{"count":2,"href":"https:\/\/www.apartmentsinljubljana.com\/it\/wp-json\/wp\/v2\/pages\/38775\/revisions"}],"predecessor-version":[{"id":42460,"href":"https:\/\/www.apartmentsinljubljana.com\/it\/wp-json\/wp\/v2\/pages\/38775\/revisions\/42460"}],"wp:featuredmedia":[{"embeddable":true,"href":"https:\/\/www.apartmentsinljubljana.com\/it\/wp-json\/wp\/v2\/media\/2903"}],"wp:attachment":[{"href":"https:\/\/www.apartmentsinljubljana.com\/it\/wp-json\/wp\/v2\/media?parent=38775"}],"curies":[{"name":"wp","href":"https:\/\/api.w.org\/{rel}","templated":true}]}}