{"id":38763,"date":"2018-03-23T08:39:44","date_gmt":"2018-03-23T08:39:44","guid":{"rendered":"https:\/\/www.apartmentsinljubljana.com\/fr\/about-ljubljana-apartments.html"},"modified":"2024-03-11T09:09:54","modified_gmt":"2024-03-11T09:09:54","slug":"decouvrez-fine-ljubljana-apartments","status":"publish","type":"page","link":"https:\/\/www.apartmentsinljubljana.com\/fr\/decouvrez-fine-ljubljana-apartments","title":{"rendered":"D\u00e9couvrez FLA"},"content":{"rendered":"<div class=\"wpb-content-wrapper\"><p>[vc_row][vc_column][vc_widget_sidebar sidebar_id=\u00a0\u00bbsidebar-left\u00a0\u00bb el_class=\u00a0\u00bbslider-below-menu\u00a0\u00bb][\/vc_column][\/vc_row][vc_row][vc_column][dfd_spacer screen_wide_spacer_size=\u00a0\u00bb50&Prime; screen_normal_resolution=\u00a0\u00bb1024&Prime; screen_tablet_resolution=\u00a0\u00bb800&Prime; screen_mobile_resolution=\u00a0\u00bb480&Prime;][dfd_heading subtitle=\u00a0\u00bb\u00a0\u00bb enable_delimiter=\u00a0\u00bb\u00a0\u00bb undefined=\u00a0\u00bb\u00a0\u00bb title_font_options=\u00a0\u00bbtag:h1&Prime; subtitle_font_options=\u00a0\u00bbtag:div\u00a0\u00bb]APPARTEMENTS LJUBLJANA \u0096 \u00c0 PROPOS DE NOUS[\/dfd_heading][dfd_spacer screen_wide_spacer_size=\u00a0\u00bb50&Prime; screen_normal_resolution=\u00a0\u00bb1024&Prime; screen_tablet_resolution=\u00a0\u00bb800&Prime; screen_mobile_resolution=\u00a0\u00bb480&Prime;][vc_row_inner][vc_column_inner width=\u00a0\u00bb3\/4&Prime;][dfd_heading subtitle=\u00a0\u00bb\u00a0\u00bb content_alignment=\u00a0\u00bbtext-left\u00a0\u00bb enable_delimiter=\u00a0\u00bb\u00a0\u00bb undefined=\u00a0\u00bb\u00a0\u00bb title_font_options=\u00a0\u00bbtag:h4&Prime; subtitle_font_options=\u00a0\u00bbtag:div\u00a0\u00bb]Pourquoi vous devriez envisager nos appartements \u00e0 Ljubljana[\/dfd_heading][dfd_spacer screen_wide_spacer_size=\u00a0\u00bb20&Prime; screen_normal_resolution=\u00a0\u00bb1024&Prime; screen_tablet_resolution=\u00a0\u00bb800&Prime; screen_mobile_resolution=\u00a0\u00bb480&Prime;][vc_column_text]Quand vous venez dans notre charmante ville de Ljubljana, vous n&rsquo;avez pas besoin de s\u00e9journer dans l&rsquo;un de ces h\u00f4tels ordinaires que l&rsquo;on trouve dans presque toutes les villes du monde. Au lieu de cela, je vous invite \u00e0 vivre la vraie magie de notre ville en louant l&rsquo;un de nos appartements que nous avons sp\u00e9cialement con\u00e7us pour vous.[\/vc_column_text][dfd_spacer screen_wide_spacer_size=\u00a0\u00bb20&Prime; screen_normal_resolution=\u00a0\u00bb1024&Prime; screen_tablet_resolution=\u00a0\u00bb800&Prime; screen_mobile_resolution=\u00a0\u00bb480&Prime;][dfd_heading subtitle=\u00a0\u00bb\u00a0\u00bb content_alignment=\u00a0\u00bbtext-left\u00a0\u00bb enable_delimiter=\u00a0\u00bb\u00a0\u00bb undefined=\u00a0\u00bb\u00a0\u00bb title_font_options=\u00a0\u00bbtag:h4&Prime; subtitle_font_options=\u00a0\u00bbtag:div\u00a0\u00bb]Qui nous sommes[\/dfd_heading][dfd_spacer screen_wide_spacer_size=\u00a0\u00bb20&Prime; screen_normal_resolution=\u00a0\u00bb1024&Prime; screen_tablet_resolution=\u00a0\u00bb800&Prime; screen_mobile_resolution=\u00a0\u00bb480&Prime;][vc_column_text]Je m&rsquo;appelle Alenka et je suis la directrice d&rsquo;un studio d&rsquo;architecture bas\u00e9 ici \u00e0 Ljubljana. Je suis une conceptrice de b\u00e2timents passionn\u00e9e qui consid\u00e8re Ljubljana comme chez moi. Parce que ma famille et moi vivons dans le centre-ville et connaissons les aspects qui illustrent le vrai c\u0153ur de Ljubljana, notre \u00e9quipe peut concevoir des b\u00e2timents qui refl\u00e8tent ce qui est traditionnel et beau dans la ville sans sacrifier les caract\u00e9ristiques modernes et les ajouts pratiques.<\/p>\n<p>Notre studio a cr\u00e9\u00e9 des b\u00e2timents \u00e0 Ljubljana pour les entreprises, pour une utilisation publique et pour les zones r\u00e9sidentielles, mais l&rsquo;un de nos projets pr\u00e9f\u00e9r\u00e9s consiste \u00e0 trouver de vieilles maisons et appartements dans le centre de Ljubljana qui ont besoin d&rsquo;un peu d&rsquo;amour. Avec notre \u00e9quipe talentueuse, nous sommes capables de restaurer ces structures \u00e0 leur beaut\u00e9 originelle et de les rendre de v\u00e9ritables tr\u00e9sors \u00e0 admirer et \u00e0 appr\u00e9cier, notamment par les voyageurs dans notre ville capitale de Ljubljana.[\/vc_column_text][dfd_spacer screen_wide_spacer_size=\u00a0\u00bb20&Prime; screen_normal_resolution=\u00a0\u00bb1024&Prime; screen_tablet_resolution=\u00a0\u00bb800&Prime; screen_mobile_resolution=\u00a0\u00bb480&Prime;][dfd_heading subtitle=\u00a0\u00bb\u00a0\u00bb content_alignment=\u00a0\u00bbtext-left\u00a0\u00bb enable_delimiter=\u00a0\u00bb\u00a0\u00bb undefined=\u00a0\u00bb\u00a0\u00bb title_font_options=\u00a0\u00bbtag:h4&Prime; subtitle_font_options=\u00a0\u00bbtag:div\u00a0\u00bb]Pourquoi choisir nos appartements[\/dfd_heading][dfd_spacer screen_wide_spacer_size=\u00a0\u00bb20&Prime; screen_normal_resolution=\u00a0\u00bb1024&Prime; screen_tablet_resolution=\u00a0\u00bb800&Prime; screen_mobile_resolution=\u00a0\u00bb480&Prime;][vc_column_text]Je sais que je peux \u00eatre partial(e), mais je crois vraiment que nos appartements \u00e0 Ljubljana sont sup\u00e9rieurs \u00e0 tout ce que vous trouverez dans les h\u00f4tels et les appartements de location de la r\u00e9gion. Si vous venez dans cette ville f\u00e9erique, vous voulez vraiment vous impr\u00e9gner de son ambiance et de son environnement. Vous ne voulez pas passer votre journ\u00e9e \u00e0 admirer les sites de cette ville historique pour ensuite aller dans un h\u00f4tel moderne qui manque de personnalit\u00e9 r\u00e9elle.<\/p>\n<p>Non seulement vous constaterez que nos appartements sont un endroit magnifique o\u00f9 s\u00e9journer pendant votre visite dans notre ville, mais vous constaterez \u00e9galement qu&rsquo;ils sont parfaitement con\u00e7us pour r\u00e9pondre aux besoins de nos voyageurs. Parce que notre \u00e9quipe de designers voyage beaucoup aussi, nous sommes capables de prendre notre connaissance de ce que c&rsquo;est que de voyager vers de nouveaux endroits et de l&rsquo;incorporer dans les appartements que nous r\u00e9am\u00e9nageons pour vous.[\/vc_column_text][dfd_spacer screen_wide_spacer_size=\u00a0\u00bb20&Prime; screen_normal_resolution=\u00a0\u00bb1024&Prime; screen_tablet_resolution=\u00a0\u00bb800&Prime; screen_mobile_resolution=\u00a0\u00bb480&Prime;][dfd_heading subtitle=\u00a0\u00bb\u00a0\u00bb content_alignment=\u00a0\u00bbtext-left\u00a0\u00bb enable_delimiter=\u00a0\u00bb\u00a0\u00bb undefined=\u00a0\u00bb\u00a0\u00bb title_font_options=\u00a0\u00bbtag:h4&Prime; subtitle_font_options=\u00a0\u00bbtag:div\u00a0\u00bb]Restez plus longtemps[\/dfd_heading][dfd_spacer screen_wide_spacer_size=\u00a0\u00bb20&Prime; screen_normal_resolution=\u00a0\u00bb1024&Prime; screen_tablet_resolution=\u00a0\u00bb800&Prime; screen_mobile_resolution=\u00a0\u00bb480&Prime;][vc_column_text]\u00a0\u00bbSi vous vous inqui\u00e9tez de passer trop de temps \u00e0 Ljubljana parce que manger \u00e0 l&rsquo;ext\u00e9rieur \u00e0 chaque repas peut \u00eatre trop co\u00fbteux, ne vous inqui\u00e9tez pas. Vous aurez un endroit o\u00f9 s\u00e9journer qui vous semblera comme chez vous, o\u00f9 vous pourrez vous d\u00e9tendre sans l&rsquo;\u00e9troitesse d&rsquo;un h\u00f4tel. De plus, les appartements ont toutes les commodit\u00e9s de la maison, vous pourrez donc m\u00eame profiter de repas en famille sans d\u00e9penser une fortune pour manger \u00e0 l&rsquo;ext\u00e9rieur. Vous pouvez \u00e9galement passer des vacances plus tranquilles dans notre belle ville, et d\u00e9couvrir encore plus de la ville, ou explorer d&rsquo;autres parties de la Slov\u00e9nie et de l&rsquo;Europe en utilisant Ljubljana comme votre base. Apr\u00e8s vos excursions, vous aurez un refuge confortable o\u00f9 vous d\u00e9tendre et r\u00e9cup\u00e9rer.<\/p>\n<p>Donc, si vous pr\u00e9voyez de visiter Ljubljana, contactez-nous et laissez-nous vous mettre en relation avec un appartement id\u00e9al pour votre s\u00e9jour.\u00a0\u00bb<\/p>\n<p><a href=\"https:\/\/www.apartmentsinljubljana.com\">Appartements Ljubljana <\/a>\u203a \u00c0 propos des appartements \u00e0 Ljubljana[\/vc_column_text][\/vc_column_inner][vc_column_inner el_class=\u00a0\u00bbapartment-sidebar sidebar-section\u00a0\u00bb width=\u00a0\u00bb1\/4&Prime; css=\u00a0\u00bb.vc_custom_1545122202377{background-color: #e5e5e5 !important;}\u00a0\u00bb col_inner_shadow=\u00a0\u00bbbox_shadow_enable:disable|shadow_horizontal:0|shadow_vertical:15|shadow_blur:50|shadow_spread:0|box_shadow_color:rgba(0%2C0%2C0%2C0.35)\u00a0\u00bb col_inner_shadow_hover=\u00a0\u00bbbox_shadow_enable:disable|shadow_horizontal:0|shadow_vertical:15|shadow_blur:50|shadow_spread:0|box_shadow_color:rgba(0%2C0%2C0%2C0.35)\u00a0\u00bb][dfd_spacer screen_wide_spacer_size=\u00a0\u00bb30&Prime; screen_normal_resolution=\u00a0\u00bb1024&Prime; screen_tablet_resolution=\u00a0\u00bb800&Prime; screen_mobile_resolution=\u00a0\u00bb480&Prime;][dfd_heading subtitle=\u00a0\u00bb\u00a0\u00bb enable_delimiter=\u00a0\u00bb\u00a0\u00bb undefined=\u00a0\u00bb\u00a0\u00bb title_font_options=\u00a0\u00bbtag:h5|font_size:16&Prime; subtitle_font_options=\u00a0\u00bbtag:div\u00a0\u00bb tutorials=\u00a0\u00bb\u00a0\u00bb]CHOISISSEZ VOTRE TAILLE ET VOTRE STYLE[\/dfd_heading][dfd_spacer screen_wide_spacer_size=\u00a0\u00bb15&Prime; screen_normal_resolution=\u00a0\u00bb1024&Prime; screen_tablet_resolution=\u00a0\u00bb800&Prime; screen_mobile_resolution=\u00a0\u00bb480&Prime;][vc_column_text]<a title=\"Go to Studio Apartments in Ljubljana \" href=\"https:\/\/www.apartmentsinljubljana.com\/fr\/appartements-studio-ljubljana\"><img loading=\"lazy\" decoding=\"async\" class=\"aligncenter wp-image-376\" src=\"https:\/\/www.apartmentsinljubljana.com\/wp-content\/uploads\/2018\/03\/ljubljana-apartments-ribji-trg-living1-300x200.jpg\" alt=\"\" width=\"210\" height=\"140\" srcset=\"https:\/\/www.apartmentsinljubljana.com\/wp-content\/uploads\/2018\/03\/ljubljana-apartments-ribji-trg-living1-300x200.jpg 300w, https:\/\/www.apartmentsinljubljana.com\/wp-content\/uploads\/2018\/03\/ljubljana-apartments-ribji-trg-living1-768x511.jpg 768w, https:\/\/www.apartmentsinljubljana.com\/wp-content\/uploads\/2018\/03\/ljubljana-apartments-ribji-trg-living1.jpg 900w\" sizes=\"auto, (max-width: 210px) 100vw, 210px\" \/><\/a>[\/vc_column_text][dfd_spacer screen_wide_spacer_size=\u00a0\u00bb15&Prime; screen_normal_resolution=\u00a0\u00bb1024&Prime; screen_tablet_resolution=\u00a0\u00bb800&Prime; screen_mobile_resolution=\u00a0\u00bb480&Prime;][vc_column_text]<\/p>\n<p style=\"text-align: center;\"><a href=\"https:\/\/www.apartmentsinljubljana.com\/fr\/appartements-studio-ljubljana\">Appartements Studio<\/a><\/p>\n<p>[\/vc_column_text][dfd_spacer screen_wide_spacer_size=\u00a0\u00bb30&Prime; screen_normal_resolution=\u00a0\u00bb1024&Prime; screen_tablet_resolution=\u00a0\u00bb800&Prime; screen_mobile_resolution=\u00a0\u00bb480&Prime;][vc_column_text]<a title=\"Go to One-Bedroom Apartments in Ljubljana\" href=\"https:\/\/www.apartmentsinljubljana.com\/fr\/appartements-une-chambre-ljubljana\"><img loading=\"lazy\" decoding=\"async\" class=\"aligncenter wp-image-382\" src=\"https:\/\/www.apartmentsinljubljana.com\/wp-content\/uploads\/2018\/03\/ljubljana-apartments-one-bedroom-apartment.jpg\" alt=\"\" width=\"210\" height=\"140\" \/><\/a>[\/vc_column_text][dfd_spacer screen_wide_spacer_size=\u00a0\u00bb15&Prime; screen_normal_resolution=\u00a0\u00bb1024&Prime; screen_tablet_resolution=\u00a0\u00bb800&Prime; screen_mobile_resolution=\u00a0\u00bb480&Prime;][vc_column_text]<\/p>\n<p style=\"text-align: center;\"><a href=\"https:\/\/www.apartmentsinljubljana.com\/fr\/appartements-une-chambre-ljubljana\">Appartements une chambre<\/a><\/p>\n<p>[\/vc_column_text][dfd_spacer screen_wide_spacer_size=\u00a0\u00bb20&Prime; screen_normal_resolution=\u00a0\u00bb1024&Prime; screen_tablet_resolution=\u00a0\u00bb800&Prime; screen_mobile_resolution=\u00a0\u00bb480&Prime;][vc_column_text]<a title=\"Go to Two-Bedroom Apartments in Ljubljana\" href=\"https:\/\/www.apartmentsinljubljana.com\/fr\/appartements-deux-chambres-ljubljana\"><img loading=\"lazy\" decoding=\"async\" class=\"aligncenter wp-image-385\" src=\"https:\/\/www.apartmentsinljubljana.com\/wp-content\/uploads\/2018\/03\/Fine_Ljubljana_Apartments_Dalmatinova_29-300x200.jpg\" alt=\"\" width=\"210\" height=\"140\" srcset=\"https:\/\/www.apartmentsinljubljana.com\/wp-content\/uploads\/2018\/03\/Fine_Ljubljana_Apartments_Dalmatinova_29-300x200.jpg 300w, https:\/\/www.apartmentsinljubljana.com\/wp-content\/uploads\/2018\/03\/Fine_Ljubljana_Apartments_Dalmatinova_29-768x512.jpg 768w, https:\/\/www.apartmentsinljubljana.com\/wp-content\/uploads\/2018\/03\/Fine_Ljubljana_Apartments_Dalmatinova_29.jpg 900w\" sizes=\"auto, (max-width: 210px) 100vw, 210px\" \/><\/a>[\/vc_column_text][dfd_spacer screen_wide_spacer_size=\u00a0\u00bb15&Prime; screen_normal_resolution=\u00a0\u00bb1024&Prime; screen_tablet_resolution=\u00a0\u00bb800&Prime; screen_mobile_resolution=\u00a0\u00bb480&Prime;][vc_column_text]<\/p>\n<p style=\"text-align: center;\"><a href=\"https:\/\/www.apartmentsinljubljana.com\/fr\/appartements-deux-chambres-ljubljana\">Appartements deux chambres<\/a><\/p>\n<p>[\/vc_column_text][dfd_spacer screen_wide_spacer_size=\u00a0\u00bb20&Prime; screen_normal_resolution=\u00a0\u00bb1024&Prime; screen_tablet_resolution=\u00a0\u00bb800&Prime; screen_mobile_resolution=\u00a0\u00bb480&Prime;][vc_column_text]<a title=\"Go to Three-Bedroom Apartments in Ljubljana,Slovenia\" href=\"https:\/\/www.apartmentsinljubljana.com\/fr\/appartements-trois-chambres-ljubljana\"><img loading=\"lazy\" decoding=\"async\" class=\"aligncenter wp-image-386\" src=\"https:\/\/www.apartmentsinljubljana.com\/wp-content\/uploads\/2018\/03\/Fine_Ljubljana_Apartments_Gradaska_maxi_duplex_livingroom_3-300x200.jpg\" alt=\"\" width=\"210\" height=\"140\" srcset=\"https:\/\/www.apartmentsinljubljana.com\/wp-content\/uploads\/2018\/03\/Fine_Ljubljana_Apartments_Gradaska_maxi_duplex_livingroom_3-300x200.jpg 300w, https:\/\/www.apartmentsinljubljana.com\/wp-content\/uploads\/2018\/03\/Fine_Ljubljana_Apartments_Gradaska_maxi_duplex_livingroom_3-768x512.jpg 768w, https:\/\/www.apartmentsinljubljana.com\/wp-content\/uploads\/2018\/03\/Fine_Ljubljana_Apartments_Gradaska_maxi_duplex_livingroom_3.jpg 800w\" sizes=\"auto, (max-width: 210px) 100vw, 210px\" \/><\/a>[\/vc_column_text][dfd_spacer screen_wide_spacer_size=\u00a0\u00bb15&Prime; screen_normal_resolution=\u00a0\u00bb1024&Prime; screen_tablet_resolution=\u00a0\u00bb800&Prime; screen_mobile_resolution=\u00a0\u00bb480&Prime;][vc_column_text]<\/p>\n<p style=\"text-align: center;\"><a href=\"https:\/\/www.apartmentsinljubljana.com\/fr\/appartements-trois-chambres-ljubljana\">Appartements trois chambres<\/a><\/p>\n<p>[\/vc_column_text][dfd_spacer screen_wide_spacer_size=\u00a0\u00bb20&Prime; screen_normal_resolution=\u00a0\u00bb1024&Prime; screen_tablet_resolution=\u00a0\u00bb800&Prime; screen_mobile_resolution=\u00a0\u00bb480&Prime;][\/vc_column_inner][\/vc_row_inner][dfd_spacer screen_wide_spacer_size=\u00a0\u00bb50&Prime; screen_normal_resolution=\u00a0\u00bb1024&Prime; screen_tablet_resolution=\u00a0\u00bb800&Prime; screen_mobile_resolution=\u00a0\u00bb480&Prime;][\/vc_column][\/vc_row]<\/p>\n<\/div>","protected":false},"excerpt":{"rendered":"<p>[vc_row][vc_column][vc_widget_sidebar sidebar_id=\u00a0\u00bbsidebar-left\u00a0\u00bb el_class=\u00a0\u00bbslider-below-menu\u00a0\u00bb][\/vc_column][\/vc_row][vc_row][vc_column][dfd_spacer screen_wide_spacer_size=\u00a0\u00bb50&Prime; screen_normal_resolution=\u00a0\u00bb1024&Prime; screen_tablet_resolution=\u00a0\u00bb800&Prime; screen_mobile_resolution=\u00a0\u00bb480&Prime;][dfd_heading subtitle=\u00a0\u00bb\u00a0\u00bb enable_delimiter=\u00a0\u00bb\u00a0\u00bb undefined=\u00a0\u00bb\u00a0\u00bb title_font_options=\u00a0\u00bbtag:h1&Prime; subtitle_font_options=\u00a0\u00bbtag:div\u00a0\u00bb]APPARTEMENTS LJUBLJANA \u0096 \u00c0 PROPOS DE NOUS[\/dfd_heading][dfd_spacer screen_wide_spacer_size=\u00a0\u00bb50&Prime; screen_normal_resolution=\u00a0\u00bb1024&Prime; screen_tablet_resolution=\u00a0\u00bb800&Prime; screen_mobile_resolution=\u00a0\u00bb480&Prime;][vc_row_inner][vc_column_inner width=\u00a0\u00bb3\/4&Prime;][dfd_heading subtitle=\u00a0\u00bb\u00a0\u00bb content_alignment=\u00a0\u00bbtext-left\u00a0\u00bb enable_delimiter=\u00a0\u00bb\u00a0\u00bb undefined=\u00a0\u00bb\u00a0\u00bb title_font_options=\u00a0\u00bbtag:h4&Prime; subtitle_font_options=\u00a0\u00bbtag:div\u00a0\u00bb]Pourquoi vous<\/p>\n","protected":false},"author":1,"featured_media":34274,"parent":0,"menu_order":0,"comment_status":"closed","ping_status":"closed","template":"","meta":{"footnotes":""},"class_list":["post-38763","page","type-page","status-publish","has-post-thumbnail","hentry"],"yoast_head":"<!-- This site is optimized with the Yoast SEO plugin v24.1 - https:\/\/yoast.com\/wordpress\/plugins\/seo\/ -->\n<title>Decouvrez Fine Ljubljana Apartments | FLA<\/title>\n<meta name=\"description\" content=\"Decouvrez Fine Ljubljana Apartments - &quot;D\u00e9couvrez les gens sympathiques derri\u00e8re les appartements r\u00e9nov\u00e9s \u00e0 Ljubljana&quot;\" \/>\n<meta name=\"robots\" content=\"index, follow, max-snippet:-1, max-image-preview:large, max-video-preview:-1\" \/>\n<link rel=\"canonical\" href=\"https:\/\/www.apartmentsinljubljana.com\/fr\/decouvrez-fine-ljubljana-apartments\" \/>\n<meta property=\"og:locale\" content=\"fr_FR\" \/>\n<meta property=\"og:type\" content=\"article\" \/>\n<meta property=\"og:title\" content=\"Decouvrez Fine Ljubljana Apartments | FLA\" \/>\n<meta property=\"og:description\" content=\"Decouvrez Fine Ljubljana Apartments - &quot;D\u00e9couvrez les gens sympathiques derri\u00e8re les appartements r\u00e9nov\u00e9s \u00e0 Ljubljana&quot;\" \/>\n<meta property=\"og:url\" content=\"https:\/\/www.apartmentsinljubljana.com\/fr\/decouvrez-fine-ljubljana-apartments\" \/>\n<meta property=\"og:site_name\" content=\"FLA\" \/>\n<meta property=\"article:modified_time\" content=\"2024-03-11T09:09:54+00:00\" \/>\n<meta property=\"og:image\" content=\"https:\/\/www.apartmentsinljubljana.com\/wp-content\/uploads\/2018\/06\/18-1_spa3.jpg\" \/>\n\t<meta property=\"og:image:width\" content=\"1920\" \/>\n\t<meta property=\"og:image:height\" content=\"1280\" \/>\n\t<meta property=\"og:image:type\" content=\"image\/jpeg\" \/>\n<meta name=\"twitter:card\" content=\"summary_large_image\" \/>\n<meta name=\"twitter:label1\" content=\"Dur\u00e9e de lecture estim\u00e9e\" \/>\n\t<meta name=\"twitter:data1\" content=\"5 minutes\" \/>\n<script type=\"application\/ld+json\" class=\"yoast-schema-graph\">{\"@context\":\"https:\/\/schema.org\",\"@graph\":[{\"@type\":\"WebPage\",\"@id\":\"https:\/\/www.apartmentsinljubljana.com\/fr\/decouvrez-fine-ljubljana-apartments\",\"url\":\"https:\/\/www.apartmentsinljubljana.com\/fr\/decouvrez-fine-ljubljana-apartments\",\"name\":\"Decouvrez Fine Ljubljana Apartments | FLA\",\"isPartOf\":{\"@id\":\"https:\/\/www.apartmentsinljubljana.com\/#website\"},\"primaryImageOfPage\":{\"@id\":\"https:\/\/www.apartmentsinljubljana.com\/fr\/decouvrez-fine-ljubljana-apartments#primaryimage\"},\"image\":{\"@id\":\"https:\/\/www.apartmentsinljubljana.com\/fr\/decouvrez-fine-ljubljana-apartments#primaryimage\"},\"thumbnailUrl\":\"https:\/\/www.apartmentsinljubljana.com\/wp-content\/uploads\/2018\/06\/18-1_spa3.jpg\",\"datePublished\":\"2018-03-23T08:39:44+00:00\",\"dateModified\":\"2024-03-11T09:09:54+00:00\",\"description\":\"Decouvrez Fine Ljubljana Apartments - \\\"D\u00e9couvrez les gens sympathiques derri\u00e8re les appartements r\u00e9nov\u00e9s \u00e0 Ljubljana\\\"\",\"breadcrumb\":{\"@id\":\"https:\/\/www.apartmentsinljubljana.com\/fr\/decouvrez-fine-ljubljana-apartments#breadcrumb\"},\"inLanguage\":\"fr-FR\",\"potentialAction\":[{\"@type\":\"ReadAction\",\"target\":[\"https:\/\/www.apartmentsinljubljana.com\/fr\/decouvrez-fine-ljubljana-apartments\"]}]},{\"@type\":\"ImageObject\",\"inLanguage\":\"fr-FR\",\"@id\":\"https:\/\/www.apartmentsinljubljana.com\/fr\/decouvrez-fine-ljubljana-apartments#primaryimage\",\"url\":\"https:\/\/www.apartmentsinljubljana.com\/wp-content\/uploads\/2018\/06\/18-1_spa3.jpg\",\"contentUrl\":\"https:\/\/www.apartmentsinljubljana.com\/wp-content\/uploads\/2018\/06\/18-1_spa3.jpg\",\"width\":1920,\"height\":1280},{\"@type\":\"BreadcrumbList\",\"@id\":\"https:\/\/www.apartmentsinljubljana.com\/fr\/decouvrez-fine-ljubljana-apartments#breadcrumb\",\"itemListElement\":[{\"@type\":\"ListItem\",\"position\":1,\"name\":\"Home\",\"item\":\"https:\/\/www.apartmentsinljubljana.com\/fr\"},{\"@type\":\"ListItem\",\"position\":2,\"name\":\"D\u00e9couvrez FLA\"}]},{\"@type\":\"WebSite\",\"@id\":\"https:\/\/www.apartmentsinljubljana.com\/#website\",\"url\":\"https:\/\/www.apartmentsinljubljana.com\/\",\"name\":\"FLA\",\"description\":\"Fine Ljubljana Apartments\",\"potentialAction\":[{\"@type\":\"SearchAction\",\"target\":{\"@type\":\"EntryPoint\",\"urlTemplate\":\"https:\/\/www.apartmentsinljubljana.com\/?s={search_term_string}\"},\"query-input\":{\"@type\":\"PropertyValueSpecification\",\"valueRequired\":true,\"valueName\":\"search_term_string\"}}],\"inLanguage\":\"fr-FR\"}]}<\/script>\n<!-- \/ Yoast SEO plugin. -->","yoast_head_json":{"title":"Decouvrez Fine Ljubljana Apartments | FLA","description":"Decouvrez Fine Ljubljana Apartments - \"D\u00e9couvrez les gens sympathiques derri\u00e8re les appartements r\u00e9nov\u00e9s \u00e0 Ljubljana\"","robots":{"index":"index","follow":"follow","max-snippet":"max-snippet:-1","max-image-preview":"max-image-preview:large","max-video-preview":"max-video-preview:-1"},"canonical":"https:\/\/www.apartmentsinljubljana.com\/fr\/decouvrez-fine-ljubljana-apartments","og_locale":"fr_FR","og_type":"article","og_title":"Decouvrez Fine Ljubljana Apartments | FLA","og_description":"Decouvrez Fine Ljubljana Apartments - \"D\u00e9couvrez les gens sympathiques derri\u00e8re les appartements r\u00e9nov\u00e9s \u00e0 Ljubljana\"","og_url":"https:\/\/www.apartmentsinljubljana.com\/fr\/decouvrez-fine-ljubljana-apartments","og_site_name":"FLA","article_modified_time":"2024-03-11T09:09:54+00:00","og_image":[{"width":1920,"height":1280,"url":"https:\/\/www.apartmentsinljubljana.com\/wp-content\/uploads\/2018\/06\/18-1_spa3.jpg","type":"image\/jpeg"}],"twitter_card":"summary_large_image","twitter_misc":{"Dur\u00e9e de lecture estim\u00e9e":"5 minutes"},"schema":{"@context":"https:\/\/schema.org","@graph":[{"@type":"WebPage","@id":"https:\/\/www.apartmentsinljubljana.com\/fr\/decouvrez-fine-ljubljana-apartments","url":"https:\/\/www.apartmentsinljubljana.com\/fr\/decouvrez-fine-ljubljana-apartments","name":"Decouvrez Fine Ljubljana Apartments | FLA","isPartOf":{"@id":"https:\/\/www.apartmentsinljubljana.com\/#website"},"primaryImageOfPage":{"@id":"https:\/\/www.apartmentsinljubljana.com\/fr\/decouvrez-fine-ljubljana-apartments#primaryimage"},"image":{"@id":"https:\/\/www.apartmentsinljubljana.com\/fr\/decouvrez-fine-ljubljana-apartments#primaryimage"},"thumbnailUrl":"https:\/\/www.apartmentsinljubljana.com\/wp-content\/uploads\/2018\/06\/18-1_spa3.jpg","datePublished":"2018-03-23T08:39:44+00:00","dateModified":"2024-03-11T09:09:54+00:00","description":"Decouvrez Fine Ljubljana Apartments - \"D\u00e9couvrez les gens sympathiques derri\u00e8re les appartements r\u00e9nov\u00e9s \u00e0 Ljubljana\"","breadcrumb":{"@id":"https:\/\/www.apartmentsinljubljana.com\/fr\/decouvrez-fine-ljubljana-apartments#breadcrumb"},"inLanguage":"fr-FR","potentialAction":[{"@type":"ReadAction","target":["https:\/\/www.apartmentsinljubljana.com\/fr\/decouvrez-fine-ljubljana-apartments"]}]},{"@type":"ImageObject","inLanguage":"fr-FR","@id":"https:\/\/www.apartmentsinljubljana.com\/fr\/decouvrez-fine-ljubljana-apartments#primaryimage","url":"https:\/\/www.apartmentsinljubljana.com\/wp-content\/uploads\/2018\/06\/18-1_spa3.jpg","contentUrl":"https:\/\/www.apartmentsinljubljana.com\/wp-content\/uploads\/2018\/06\/18-1_spa3.jpg","width":1920,"height":1280},{"@type":"BreadcrumbList","@id":"https:\/\/www.apartmentsinljubljana.com\/fr\/decouvrez-fine-ljubljana-apartments#breadcrumb","itemListElement":[{"@type":"ListItem","position":1,"name":"Home","item":"https:\/\/www.apartmentsinljubljana.com\/fr"},{"@type":"ListItem","position":2,"name":"D\u00e9couvrez FLA"}]},{"@type":"WebSite","@id":"https:\/\/www.apartmentsinljubljana.com\/#website","url":"https:\/\/www.apartmentsinljubljana.com\/","name":"FLA","description":"Fine Ljubljana Apartments","potentialAction":[{"@type":"SearchAction","target":{"@type":"EntryPoint","urlTemplate":"https:\/\/www.apartmentsinljubljana.com\/?s={search_term_string}"},"query-input":{"@type":"PropertyValueSpecification","valueRequired":true,"valueName":"search_term_string"}}],"inLanguage":"fr-FR"}]}},"_links":{"self":[{"href":"https:\/\/www.apartmentsinljubljana.com\/fr\/wp-json\/wp\/v2\/pages\/38763","targetHints":{"allow":["GET"]}}],"collection":[{"href":"https:\/\/www.apartmentsinljubljana.com\/fr\/wp-json\/wp\/v2\/pages"}],"about":[{"href":"https:\/\/www.apartmentsinljubljana.com\/fr\/wp-json\/wp\/v2\/types\/page"}],"author":[{"embeddable":true,"href":"https:\/\/www.apartmentsinljubljana.com\/fr\/wp-json\/wp\/v2\/users\/1"}],"replies":[{"embeddable":true,"href":"https:\/\/www.apartmentsinljubljana.com\/fr\/wp-json\/wp\/v2\/comments?post=38763"}],"version-history":[{"count":5,"href":"https:\/\/www.apartmentsinljubljana.com\/fr\/wp-json\/wp\/v2\/pages\/38763\/revisions"}],"predecessor-version":[{"id":42886,"href":"https:\/\/www.apartmentsinljubljana.com\/fr\/wp-json\/wp\/v2\/pages\/38763\/revisions\/42886"}],"wp:featuredmedia":[{"embeddable":true,"href":"https:\/\/www.apartmentsinljubljana.com\/fr\/wp-json\/wp\/v2\/media\/34274"}],"wp:attachment":[{"href":"https:\/\/www.apartmentsinljubljana.com\/fr\/wp-json\/wp\/v2\/media?parent=38763"}],"curies":[{"name":"wp","href":"https:\/\/api.w.org\/{rel}","templated":true}]}}