{"id":38769,"date":"2018-03-23T08:39:44","date_gmt":"2018-03-23T08:39:44","guid":{"rendered":"https:\/\/www.apartmentsinljubljana.com\/de\/about-ljubljana-apartments.html"},"modified":"2024-02-13T20:42:03","modified_gmt":"2024-02-13T20:42:03","slug":"ueber-fine-ljubljana-apartments","status":"publish","type":"page","link":"https:\/\/www.apartmentsinljubljana.com\/de\/ueber-fine-ljubljana-apartments","title":{"rendered":"\u00dcber FLA"},"content":{"rendered":"<div class=\"wpb-content-wrapper\"><p>[vc_row][vc_column][vc_widget_sidebar sidebar_id=&#8220;sidebar-left&#8220; el_class=&#8220;slider-below-menu&#8220;][\/vc_column][\/vc_row][vc_row][vc_column][dfd_spacer screen_wide_spacer_size=&#8220;50&#8243; screen_normal_resolution=&#8220;1024&#8243; screen_tablet_resolution=&#8220;800&#8243; screen_mobile_resolution=&#8220;480&#8243;][dfd_heading subtitle=&#8220;&#8220; enable_delimiter=&#8220;&#8220; undefined=&#8220;&#8220; title_font_options=&#8220;tag:h1&#8243; subtitle_font_options=&#8220;tag:div&#8220;]LJUBLJANA APARTMENTS \u0096 \u00dcBER UNS[\/dfd_heading][dfd_spacer screen_wide_spacer_size=&#8220;50&#8243; screen_normal_resolution=&#8220;1024&#8243; screen_tablet_resolution=&#8220;800&#8243; screen_mobile_resolution=&#8220;480&#8243;][vc_row_inner][vc_column_inner width=&#8220;3\/4&#8243;][dfd_heading subtitle=&#8220;&#8220; content_alignment=&#8220;text-left&#8220; enable_delimiter=&#8220;&#8220; undefined=&#8220;&#8220; title_font_options=&#8220;tag:h4&#8243; subtitle_font_options=&#8220;tag:div&#8220;]Warum Sie unsere Ljubljana Apartments in Betracht ziehen sollten[\/dfd_heading][dfd_spacer screen_wide_spacer_size=&#8220;20&#8243; screen_normal_resolution=&#8220;1024&#8243; screen_tablet_resolution=&#8220;800&#8243; screen_mobile_resolution=&#8220;480&#8243;][vc_column_text]Wenn Sie in unsere bezaubernde Stadt Ljubljana kommen, m\u00fcssen Sie nicht in einem dieser gew\u00f6hnlichen Hotels \u00fcbernachten, die Sie in fast jeder Stadt der Welt finden k\u00f6nnten. Stattdessen lade ich Sie ein, die wahre Magie unserer Stadt zu erleben, indem Sie eines unserer speziell f\u00fcr Sie gestalteten Apartments mieten.[\/vc_column_text][dfd_spacer screen_wide_spacer_size=&#8220;20&#8243; screen_normal_resolution=&#8220;1024&#8243; screen_tablet_resolution=&#8220;800&#8243; screen_mobile_resolution=&#8220;480&#8243;][dfd_heading subtitle=&#8220;&#8220; content_alignment=&#8220;text-left&#8220; enable_delimiter=&#8220;&#8220; undefined=&#8220;&#8220; title_font_options=&#8220;tag:h4&#8243; subtitle_font_options=&#8220;tag:div&#8220;]Wer wir sind[\/dfd_heading][dfd_spacer screen_wide_spacer_size=&#8220;20&#8243; screen_normal_resolution=&#8220;1024&#8243; screen_tablet_resolution=&#8220;800&#8243; screen_mobile_resolution=&#8220;480&#8243;][vc_column_text]Mein Name ist Alenka und ich bin die Leiterin eines Architekturstudios hier in Ljubljana. Ich bin eine leidenschaftliche Geb\u00e4udedesignerin, die Ljubljana ihr Zuhause nennt. Da meine Familie und ich im Stadtzentrum leben und wissen, welche Aspekte das wahre Herz von Ljubljana widerspiegeln, kann unser Team Geb\u00e4ude entwerfen, die traditionell und sch\u00f6n sind, ohne moderne Merkmale und praktische Erg\u00e4nzungen zu vernachl\u00e4ssigen.<\/p>\n<p>Unser Studio hat Ljubljana-Geb\u00e4ude f\u00fcr Gesch\u00e4ftszwecke, \u00f6ffentliche Nutzung und Wohngebiete geschaffen, aber eines unserer Lieblingsprojekte besteht darin, alte H\u00e4user und Wohnungen im Zentrum von Ljubljana zu finden, die etwas liebevolle Pflege ben\u00f6tigen. Mit unserem talentierten Team k\u00f6nnen wir diese Strukturen in ihre urspr\u00fcngliche Sch\u00f6nheit restaurieren und zu wahren Sch\u00e4tzen machen, die besonders von Reisenden in unsere Hauptstadt Ljubljana bewundert und genossen werden k\u00f6nnen.[\/vc_column_text][dfd_spacer screen_wide_spacer_size=&#8220;20&#8243; screen_normal_resolution=&#8220;1024&#8243; screen_tablet_resolution=&#8220;800&#8243; screen_mobile_resolution=&#8220;480&#8243;][dfd_heading subtitle=&#8220;&#8220; content_alignment=&#8220;text-left&#8220; enable_delimiter=&#8220;&#8220; undefined=&#8220;&#8220; title_font_options=&#8220;tag:h4&#8243; subtitle_font_options=&#8220;tag:div&#8220;]Warum unsere Apartments w\u00e4hlen[\/dfd_heading][dfd_spacer screen_wide_spacer_size=&#8220;20&#8243; screen_normal_resolution=&#8220;1024&#8243; screen_tablet_resolution=&#8220;800&#8243; screen_mobile_resolution=&#8220;480&#8243;][vc_column_text]Ich wei\u00df, ich mag voreingenommen sein, aber ich glaube wirklich, dass unsere Ljubljana Apartments \u00fcberlegen sind im Vergleich zu allem, was Sie in den Hotels und Mietapartments der Gegend finden werden. Wenn Sie in diese M\u00e4rchenstadt kommen, m\u00f6chten Sie wirklich in das Gef\u00fchl und die Umgebung eintauchen. Sie m\u00f6chten nicht Ihren Tag damit verbringen, die Sehensw\u00fcrdigkeiten dieser historischen Stadt zu bewundern, nur um in ein modernes Hotel zu gehen, das jegliche echte Pers\u00f6nlichkeit vermissen l\u00e4sst.<\/p>\n<p>Nicht nur werden Sie feststellen, dass unsere Apartments ein wundersch\u00f6ner Ort zum Verweilen w\u00e4hrend Ihres Besuchs in unserer Stadt sind, sondern Sie werden auch feststellen, dass sie perfekt darauf ausgerichtet sind, die Bed\u00fcrfnisse unserer Reisenden zu erf\u00fcllen. Da unser Team von Designern ebenfalls viel reist, k\u00f6nnen wir unser Wissen dar\u00fcber, wie es ist, an neue Orte zu reisen, aufnehmen und in die Apartments integrieren, die wir f\u00fcr Sie umgestalten.[\/vc_column_text][dfd_spacer screen_wide_spacer_size=&#8220;20&#8243; screen_normal_resolution=&#8220;1024&#8243; screen_tablet_resolution=&#8220;800&#8243; screen_mobile_resolution=&#8220;480&#8243;][dfd_heading subtitle=&#8220;&#8220; content_alignment=&#8220;text-left&#8220; enable_delimiter=&#8220;&#8220; undefined=&#8220;&#8220; title_font_options=&#8220;tag:h4&#8243; subtitle_font_options=&#8220;tag:div&#8220;]L\u00e4nger bleiben[\/dfd_heading][dfd_spacer screen_wide_spacer_size=&#8220;20&#8243; screen_normal_resolution=&#8220;1024&#8243; screen_tablet_resolution=&#8220;800&#8243; screen_mobile_resolution=&#8220;480&#8243;][vc_column_text]Wenn Sie sich Sorgen machen, zu viel Zeit in Ljubljana zu verbringen, weil Essen bei jeder Mahlzeit zu teuer sein k\u00f6nnte, brauchen Sie sich keine Sorgen zu machen. Sie werden einen Aufenthaltsort haben, der sich wie zu Hause anf\u00fchlt, wo Sie sich entspannen k\u00f6nnen, ohne die Steifheit eines Hotels. Au\u00dferdem bieten die Apartments alle Annehmlichkeiten eines Zuhauses, sodass Sie sogar gemeinsame Mahlzeiten als Familie genie\u00dfen k\u00f6nnen, ohne ein Verm\u00f6gen f\u00fcr Restaurants ausgeben zu m\u00fcssen.<br \/>\nSie k\u00f6nnen auch einen entspannteren Urlaub in unserer sch\u00f6nen Stadt verbringen, ein Fahrrad in Ljubljana mieten und noch mehr von der Stadt entdecken oder andere Teile von Slowenien und Europa erkunden und Ljubljana als Ausgangspunkt nutzen. Nach Ihren Ausfl\u00fcgen haben Sie einen gem\u00fctlichen und komfortablen R\u00fcckzugsort, um sich zu erholen und zu entspannen.<\/p>\n<p>Wenn Sie also einen Besuch in Ljubljana planen, nehmen Sie Kontakt mit uns auf und lassen Sie uns Ihnen eine ideale Wohnung f\u00fcr Ihren Aufenthalt vermitteln.<\/p>\n<p><a href=\"https:\/\/www.apartmentsinljubljana.com\">Ljubljana Apartments <\/a>\u203a \u00dcber Ljubljana Apartments[\/vc_column_text][\/vc_column_inner][vc_column_inner el_class=&#8220;apartment-sidebar sidebar-section&#8220; width=&#8220;1\/4&#8243; css=&#8220;.vc_custom_1545122202377{background-color: #e5e5e5 !important;}&#8220; col_inner_shadow=&#8220;box_shadow_enable:disable|shadow_horizontal:0|shadow_vertical:15|shadow_blur:50|shadow_spread:0|box_shadow_color:rgba(0%2C0%2C0%2C0.35)&#8220; col_inner_shadow_hover=&#8220;box_shadow_enable:disable|shadow_horizontal:0|shadow_vertical:15|shadow_blur:50|shadow_spread:0|box_shadow_color:rgba(0%2C0%2C0%2C0.35)&#8220;][dfd_spacer screen_wide_spacer_size=&#8220;30&#8243; screen_normal_resolution=&#8220;1024&#8243; screen_tablet_resolution=&#8220;800&#8243; screen_mobile_resolution=&#8220;480&#8243;][dfd_heading subtitle=&#8220;&#8220; enable_delimiter=&#8220;&#8220; undefined=&#8220;&#8220; title_font_options=&#8220;tag:h5|font_size:16&#8243; subtitle_font_options=&#8220;tag:div&#8220;]W\u00c4HLEN SIE IHRE GR\u00d6SSE UND IHREN STIL[\/dfd_heading][dfd_spacer screen_wide_spacer_size=&#8220;15&#8243; screen_normal_resolution=&#8220;1024&#8243; screen_tablet_resolution=&#8220;800&#8243; screen_mobile_resolution=&#8220;480&#8243;][vc_column_text]<a title=\"Go to Studio Apartments in Ljubljana \" href=\"https:\/\/www.apartmentsinljubljana.com\/de\/studio-appartements-ljubljana\"><img loading=\"lazy\" decoding=\"async\" class=\"aligncenter wp-image-376\" src=\"https:\/\/www.apartmentsinljubljana.com\/wp-content\/uploads\/2018\/03\/ljubljana-apartments-ribji-trg-living1-300x200.jpg\" alt=\"\" width=\"210\" height=\"140\" srcset=\"https:\/\/www.apartmentsinljubljana.com\/wp-content\/uploads\/2018\/03\/ljubljana-apartments-ribji-trg-living1-300x200.jpg 300w, https:\/\/www.apartmentsinljubljana.com\/wp-content\/uploads\/2018\/03\/ljubljana-apartments-ribji-trg-living1-768x511.jpg 768w, https:\/\/www.apartmentsinljubljana.com\/wp-content\/uploads\/2018\/03\/ljubljana-apartments-ribji-trg-living1.jpg 900w\" sizes=\"auto, (max-width: 210px) 100vw, 210px\" \/><\/a>[\/vc_column_text][dfd_spacer screen_wide_spacer_size=&#8220;15&#8243; screen_normal_resolution=&#8220;1024&#8243; screen_tablet_resolution=&#8220;800&#8243; screen_mobile_resolution=&#8220;480&#8243;][vc_column_text]<\/p>\n<p style=\"text-align: center;\"><a href=\"https:\/\/www.apartmentsinljubljana.com\/de\/studio-appartements-ljubljana\">Studio Appartements<\/a><\/p>\n<p>[\/vc_column_text][dfd_spacer screen_wide_spacer_size=&#8220;30&#8243; screen_normal_resolution=&#8220;1024&#8243; screen_tablet_resolution=&#8220;800&#8243; screen_mobile_resolution=&#8220;480&#8243;][vc_column_text]<a title=\"Go to One-Bedroom Apartments in Ljubljana\" href=\"https:\/\/www.apartmentsinljubljana.com\/de\/ein-schlafzimmer-appartements-ljubljana\"><img loading=\"lazy\" decoding=\"async\" class=\"aligncenter wp-image-382\" src=\"https:\/\/www.apartmentsinljubljana.com\/wp-content\/uploads\/2018\/03\/ljubljana-apartments-one-bedroom-apartment.jpg\" alt=\"\" width=\"210\" height=\"140\" \/><\/a>[\/vc_column_text][dfd_spacer screen_wide_spacer_size=&#8220;15&#8243; screen_normal_resolution=&#8220;1024&#8243; screen_tablet_resolution=&#8220;800&#8243; screen_mobile_resolution=&#8220;480&#8243;][vc_column_text]<\/p>\n<p style=\"text-align: center;\"><a href=\"https:\/\/www.apartmentsinljubljana.com\/de\/ein-schlafzimmer-appartements-ljubljana\">Ein schlafzimmer Appartements<\/a><\/p>\n<p>[\/vc_column_text][dfd_spacer screen_wide_spacer_size=&#8220;20&#8243; screen_normal_resolution=&#8220;1024&#8243; screen_tablet_resolution=&#8220;800&#8243; screen_mobile_resolution=&#8220;480&#8243;][vc_column_text]<a title=\"Go to Two-Bedroom Apartments in Ljubljana\" href=\"https:\/\/www.apartmentsinljubljana.com\/de\/zwei-schlafzimmer-appartements-ljubljana\"><img loading=\"lazy\" decoding=\"async\" class=\"aligncenter wp-image-385\" src=\"https:\/\/www.apartmentsinljubljana.com\/wp-content\/uploads\/2018\/03\/Fine_Ljubljana_Apartments_Dalmatinova_29-300x200.jpg\" alt=\"\" width=\"210\" height=\"140\" srcset=\"https:\/\/www.apartmentsinljubljana.com\/wp-content\/uploads\/2018\/03\/Fine_Ljubljana_Apartments_Dalmatinova_29-300x200.jpg 300w, https:\/\/www.apartmentsinljubljana.com\/wp-content\/uploads\/2018\/03\/Fine_Ljubljana_Apartments_Dalmatinova_29-768x512.jpg 768w, https:\/\/www.apartmentsinljubljana.com\/wp-content\/uploads\/2018\/03\/Fine_Ljubljana_Apartments_Dalmatinova_29.jpg 900w\" sizes=\"auto, (max-width: 210px) 100vw, 210px\" \/><\/a>[\/vc_column_text][dfd_spacer screen_wide_spacer_size=&#8220;15&#8243; screen_normal_resolution=&#8220;1024&#8243; screen_tablet_resolution=&#8220;800&#8243; screen_mobile_resolution=&#8220;480&#8243;][vc_column_text]<\/p>\n<p style=\"text-align: center;\"><a href=\"https:\/\/www.apartmentsinljubljana.com\/de\/zwei-schlafzimmer-appartements-ljubljana\">Zwei schlafzimmer Appartements<\/a><\/p>\n<p>[\/vc_column_text][dfd_spacer screen_wide_spacer_size=&#8220;20&#8243; screen_normal_resolution=&#8220;1024&#8243; screen_tablet_resolution=&#8220;800&#8243; screen_mobile_resolution=&#8220;480&#8243;][vc_column_text]<a title=\"Go to Three-Bedroom Apartments in Ljubljana,Slovenia\" href=\"https:\/\/www.apartmentsinljubljana.com\/de\/drei-schlafzimmer-appartements-ljubljana\"><img loading=\"lazy\" decoding=\"async\" class=\"aligncenter wp-image-386\" src=\"https:\/\/www.apartmentsinljubljana.com\/wp-content\/uploads\/2018\/03\/Fine_Ljubljana_Apartments_Gradaska_maxi_duplex_livingroom_3-300x200.jpg\" alt=\"\" width=\"210\" height=\"140\" srcset=\"https:\/\/www.apartmentsinljubljana.com\/wp-content\/uploads\/2018\/03\/Fine_Ljubljana_Apartments_Gradaska_maxi_duplex_livingroom_3-300x200.jpg 300w, https:\/\/www.apartmentsinljubljana.com\/wp-content\/uploads\/2018\/03\/Fine_Ljubljana_Apartments_Gradaska_maxi_duplex_livingroom_3-768x512.jpg 768w, https:\/\/www.apartmentsinljubljana.com\/wp-content\/uploads\/2018\/03\/Fine_Ljubljana_Apartments_Gradaska_maxi_duplex_livingroom_3.jpg 800w\" sizes=\"auto, (max-width: 210px) 100vw, 210px\" \/><\/a>[\/vc_column_text][dfd_spacer screen_wide_spacer_size=&#8220;15&#8243; screen_normal_resolution=&#8220;1024&#8243; screen_tablet_resolution=&#8220;800&#8243; screen_mobile_resolution=&#8220;480&#8243;][vc_column_text]<\/p>\n<p style=\"text-align: center;\"><a href=\"https:\/\/www.apartmentsinljubljana.com\/de\/drei-schlafzimmer-appartements-ljubljana\">Drei schlafzimmer Appartements<\/a><\/p>\n<p>[\/vc_column_text][dfd_spacer screen_wide_spacer_size=&#8220;15&#8243; screen_normal_resolution=&#8220;1024&#8243; screen_tablet_resolution=&#8220;800&#8243; screen_mobile_resolution=&#8220;480&#8243;][vc_column_text]<\/p>\n<p style=\"text-align: center;\">[\/vc_column_text][\/vc_column_inner][\/vc_row_inner][dfd_spacer screen_wide_spacer_size=&#8220;50&#8243; screen_normal_resolution=&#8220;1024&#8243; screen_tablet_resolution=&#8220;800&#8243; screen_mobile_resolution=&#8220;480&#8243;][\/vc_column][\/vc_row]<\/p>\n<\/div>","protected":false},"excerpt":{"rendered":"<p>[vc_row][vc_column][vc_widget_sidebar sidebar_id=&#8220;sidebar-left&#8220; el_class=&#8220;slider-below-menu&#8220;][\/vc_column][\/vc_row][vc_row][vc_column][dfd_spacer screen_wide_spacer_size=&#8220;50&#8243; screen_normal_resolution=&#8220;1024&#8243; screen_tablet_resolution=&#8220;800&#8243; screen_mobile_resolution=&#8220;480&#8243;][dfd_heading subtitle=&#8220;&#8220; enable_delimiter=&#8220;&#8220; undefined=&#8220;&#8220; title_font_options=&#8220;tag:h1&#8243; subtitle_font_options=&#8220;tag:div&#8220;]LJUBLJANA APARTMENTS \u0096 \u00dcBER UNS[\/dfd_heading][dfd_spacer screen_wide_spacer_size=&#8220;50&#8243; screen_normal_resolution=&#8220;1024&#8243; screen_tablet_resolution=&#8220;800&#8243; screen_mobile_resolution=&#8220;480&#8243;][vc_row_inner][vc_column_inner width=&#8220;3\/4&#8243;][dfd_heading subtitle=&#8220;&#8220; content_alignment=&#8220;text-left&#8220; enable_delimiter=&#8220;&#8220; undefined=&#8220;&#8220; title_font_options=&#8220;tag:h4&#8243; subtitle_font_options=&#8220;tag:div&#8220;]Warum Sie unsere Ljubljana<\/p>\n","protected":false},"author":1,"featured_media":31502,"parent":0,"menu_order":0,"comment_status":"closed","ping_status":"closed","template":"","meta":{"footnotes":""},"class_list":["post-38769","page","type-page","status-publish","has-post-thumbnail","hentry"],"yoast_head":"<!-- This site is optimized with the Yoast SEO plugin v24.1 - https:\/\/yoast.com\/wordpress\/plugins\/seo\/ -->\n<title>\u00dcber Fine Ljubljana Apartments | Fine Ljubljana Apartments<\/title>\n<meta name=\"description\" content=\"Fine Ljubljana Apartments - Erfahren Sie mehr \u00fcber das Team hinter den renovierten Apartments in Ljubljana.\" \/>\n<meta name=\"robots\" content=\"index, follow, max-snippet:-1, max-image-preview:large, max-video-preview:-1\" \/>\n<link rel=\"canonical\" href=\"https:\/\/www.apartmentsinljubljana.com\/de\/ueber-fine-ljubljana-apartments\" \/>\n<meta property=\"og:locale\" content=\"de_DE\" \/>\n<meta property=\"og:type\" content=\"article\" \/>\n<meta property=\"og:title\" content=\"\u00dcber Fine Ljubljana Apartments | Fine Ljubljana Apartments\" \/>\n<meta property=\"og:description\" content=\"Fine Ljubljana Apartments - Erfahren Sie mehr \u00fcber das Team hinter den renovierten Apartments in Ljubljana.\" \/>\n<meta property=\"og:url\" content=\"https:\/\/www.apartmentsinljubljana.com\/de\/ueber-fine-ljubljana-apartments\" \/>\n<meta property=\"og:site_name\" content=\"FLA\" \/>\n<meta property=\"article:modified_time\" content=\"2024-02-13T20:42:03+00:00\" \/>\n<meta property=\"og:image\" content=\"https:\/\/www.apartmentsinljubljana.com\/wp-content\/uploads\/2018\/06\/18-1_spa3.jpg\" \/>\n\t<meta property=\"og:image:width\" content=\"1920\" \/>\n\t<meta property=\"og:image:height\" content=\"1280\" \/>\n\t<meta property=\"og:image:type\" content=\"image\/jpeg\" \/>\n<meta name=\"twitter:card\" content=\"summary_large_image\" \/>\n<meta name=\"twitter:label1\" content=\"Gesch\u00e4tzte Lesezeit\" \/>\n\t<meta name=\"twitter:data1\" content=\"4\u00a0Minuten\" \/>\n<script type=\"application\/ld+json\" class=\"yoast-schema-graph\">{\"@context\":\"https:\/\/schema.org\",\"@graph\":[{\"@type\":\"WebPage\",\"@id\":\"https:\/\/www.apartmentsinljubljana.com\/de\/ueber-fine-ljubljana-apartments\",\"url\":\"https:\/\/www.apartmentsinljubljana.com\/de\/ueber-fine-ljubljana-apartments\",\"name\":\"\u00dcber Fine Ljubljana Apartments | Fine Ljubljana Apartments\",\"isPartOf\":{\"@id\":\"https:\/\/www.apartmentsinljubljana.com\/#website\"},\"primaryImageOfPage\":{\"@id\":\"https:\/\/www.apartmentsinljubljana.com\/de\/ueber-fine-ljubljana-apartments#primaryimage\"},\"image\":{\"@id\":\"https:\/\/www.apartmentsinljubljana.com\/de\/ueber-fine-ljubljana-apartments#primaryimage\"},\"thumbnailUrl\":\"https:\/\/www.apartmentsinljubljana.com\/wp-content\/uploads\/2018\/06\/18-1_spa3.jpg\",\"datePublished\":\"2018-03-23T08:39:44+00:00\",\"dateModified\":\"2024-02-13T20:42:03+00:00\",\"description\":\"Fine Ljubljana Apartments - Erfahren Sie mehr \u00fcber das Team hinter den renovierten Apartments in Ljubljana.\",\"breadcrumb\":{\"@id\":\"https:\/\/www.apartmentsinljubljana.com\/de\/ueber-fine-ljubljana-apartments#breadcrumb\"},\"inLanguage\":\"de\",\"potentialAction\":[{\"@type\":\"ReadAction\",\"target\":[\"https:\/\/www.apartmentsinljubljana.com\/de\/ueber-fine-ljubljana-apartments\"]}]},{\"@type\":\"ImageObject\",\"inLanguage\":\"de\",\"@id\":\"https:\/\/www.apartmentsinljubljana.com\/de\/ueber-fine-ljubljana-apartments#primaryimage\",\"url\":\"https:\/\/www.apartmentsinljubljana.com\/wp-content\/uploads\/2018\/06\/18-1_spa3.jpg\",\"contentUrl\":\"https:\/\/www.apartmentsinljubljana.com\/wp-content\/uploads\/2018\/06\/18-1_spa3.jpg\",\"width\":1920,\"height\":1280},{\"@type\":\"BreadcrumbList\",\"@id\":\"https:\/\/www.apartmentsinljubljana.com\/de\/ueber-fine-ljubljana-apartments#breadcrumb\",\"itemListElement\":[{\"@type\":\"ListItem\",\"position\":1,\"name\":\"Home\",\"item\":\"https:\/\/www.apartmentsinljubljana.com\/de\"},{\"@type\":\"ListItem\",\"position\":2,\"name\":\"\u00dcber FLA\"}]},{\"@type\":\"WebSite\",\"@id\":\"https:\/\/www.apartmentsinljubljana.com\/#website\",\"url\":\"https:\/\/www.apartmentsinljubljana.com\/\",\"name\":\"FLA\",\"description\":\"Ljubljana Apartments\",\"potentialAction\":[{\"@type\":\"SearchAction\",\"target\":{\"@type\":\"EntryPoint\",\"urlTemplate\":\"https:\/\/www.apartmentsinljubljana.com\/?s={search_term_string}\"},\"query-input\":{\"@type\":\"PropertyValueSpecification\",\"valueRequired\":true,\"valueName\":\"search_term_string\"}}],\"inLanguage\":\"de\"}]}<\/script>\n<!-- \/ Yoast SEO plugin. -->","yoast_head_json":{"title":"\u00dcber Fine Ljubljana Apartments | Fine Ljubljana Apartments","description":"Fine Ljubljana Apartments - Erfahren Sie mehr \u00fcber das Team hinter den renovierten Apartments in Ljubljana.","robots":{"index":"index","follow":"follow","max-snippet":"max-snippet:-1","max-image-preview":"max-image-preview:large","max-video-preview":"max-video-preview:-1"},"canonical":"https:\/\/www.apartmentsinljubljana.com\/de\/ueber-fine-ljubljana-apartments","og_locale":"de_DE","og_type":"article","og_title":"\u00dcber Fine Ljubljana Apartments | Fine Ljubljana Apartments","og_description":"Fine Ljubljana Apartments - Erfahren Sie mehr \u00fcber das Team hinter den renovierten Apartments in Ljubljana.","og_url":"https:\/\/www.apartmentsinljubljana.com\/de\/ueber-fine-ljubljana-apartments","og_site_name":"FLA","article_modified_time":"2024-02-13T20:42:03+00:00","og_image":[{"width":1920,"height":1280,"url":"https:\/\/www.apartmentsinljubljana.com\/wp-content\/uploads\/2018\/06\/18-1_spa3.jpg","type":"image\/jpeg"}],"twitter_card":"summary_large_image","twitter_misc":{"Gesch\u00e4tzte Lesezeit":"4\u00a0Minuten"},"schema":{"@context":"https:\/\/schema.org","@graph":[{"@type":"WebPage","@id":"https:\/\/www.apartmentsinljubljana.com\/de\/ueber-fine-ljubljana-apartments","url":"https:\/\/www.apartmentsinljubljana.com\/de\/ueber-fine-ljubljana-apartments","name":"\u00dcber Fine Ljubljana Apartments | Fine Ljubljana Apartments","isPartOf":{"@id":"https:\/\/www.apartmentsinljubljana.com\/#website"},"primaryImageOfPage":{"@id":"https:\/\/www.apartmentsinljubljana.com\/de\/ueber-fine-ljubljana-apartments#primaryimage"},"image":{"@id":"https:\/\/www.apartmentsinljubljana.com\/de\/ueber-fine-ljubljana-apartments#primaryimage"},"thumbnailUrl":"https:\/\/www.apartmentsinljubljana.com\/wp-content\/uploads\/2018\/06\/18-1_spa3.jpg","datePublished":"2018-03-23T08:39:44+00:00","dateModified":"2024-02-13T20:42:03+00:00","description":"Fine Ljubljana Apartments - Erfahren Sie mehr \u00fcber das Team hinter den renovierten Apartments in Ljubljana.","breadcrumb":{"@id":"https:\/\/www.apartmentsinljubljana.com\/de\/ueber-fine-ljubljana-apartments#breadcrumb"},"inLanguage":"de","potentialAction":[{"@type":"ReadAction","target":["https:\/\/www.apartmentsinljubljana.com\/de\/ueber-fine-ljubljana-apartments"]}]},{"@type":"ImageObject","inLanguage":"de","@id":"https:\/\/www.apartmentsinljubljana.com\/de\/ueber-fine-ljubljana-apartments#primaryimage","url":"https:\/\/www.apartmentsinljubljana.com\/wp-content\/uploads\/2018\/06\/18-1_spa3.jpg","contentUrl":"https:\/\/www.apartmentsinljubljana.com\/wp-content\/uploads\/2018\/06\/18-1_spa3.jpg","width":1920,"height":1280},{"@type":"BreadcrumbList","@id":"https:\/\/www.apartmentsinljubljana.com\/de\/ueber-fine-ljubljana-apartments#breadcrumb","itemListElement":[{"@type":"ListItem","position":1,"name":"Home","item":"https:\/\/www.apartmentsinljubljana.com\/de"},{"@type":"ListItem","position":2,"name":"\u00dcber FLA"}]},{"@type":"WebSite","@id":"https:\/\/www.apartmentsinljubljana.com\/#website","url":"https:\/\/www.apartmentsinljubljana.com\/","name":"FLA","description":"Ljubljana Apartments","potentialAction":[{"@type":"SearchAction","target":{"@type":"EntryPoint","urlTemplate":"https:\/\/www.apartmentsinljubljana.com\/?s={search_term_string}"},"query-input":{"@type":"PropertyValueSpecification","valueRequired":true,"valueName":"search_term_string"}}],"inLanguage":"de"}]}},"_links":{"self":[{"href":"https:\/\/www.apartmentsinljubljana.com\/de\/wp-json\/wp\/v2\/pages\/38769","targetHints":{"allow":["GET"]}}],"collection":[{"href":"https:\/\/www.apartmentsinljubljana.com\/de\/wp-json\/wp\/v2\/pages"}],"about":[{"href":"https:\/\/www.apartmentsinljubljana.com\/de\/wp-json\/wp\/v2\/types\/page"}],"author":[{"embeddable":true,"href":"https:\/\/www.apartmentsinljubljana.com\/de\/wp-json\/wp\/v2\/users\/1"}],"replies":[{"embeddable":true,"href":"https:\/\/www.apartmentsinljubljana.com\/de\/wp-json\/wp\/v2\/comments?post=38769"}],"version-history":[{"count":5,"href":"https:\/\/www.apartmentsinljubljana.com\/de\/wp-json\/wp\/v2\/pages\/38769\/revisions"}],"predecessor-version":[{"id":41809,"href":"https:\/\/www.apartmentsinljubljana.com\/de\/wp-json\/wp\/v2\/pages\/38769\/revisions\/41809"}],"wp:featuredmedia":[{"embeddable":true,"href":"https:\/\/www.apartmentsinljubljana.com\/de\/wp-json\/wp\/v2\/media\/31502"}],"wp:attachment":[{"href":"https:\/\/www.apartmentsinljubljana.com\/de\/wp-json\/wp\/v2\/media?parent=38769"}],"curies":[{"name":"wp","href":"https:\/\/api.w.org\/{rel}","templated":true}]}}